{"id":1004,"date":"2024-03-02T06:35:01","date_gmt":"2024-03-02T06:35:01","guid":{"rendered":"https:\/\/dijitalmedeniusul.com\/?page_id=1004"},"modified":"2025-07-31T07:10:43","modified_gmt":"2025-07-31T07:10:43","slug":"ekibimiz","status":"publish","type":"page","link":"https:\/\/dijitalmedeniusul.com\/en\/ekibimiz\/","title":{"rendered":"TEAM"},"content":{"rendered":"<div class=\"wpb-content-wrapper\"><p>[vc_row][vc_column width=&#8221;1\/3&#8243;][vc_empty_space height=&#8221;5&#8243;][\/vc_column][vc_column width=&#8221;1\/3&#8243;][vc_column_text]<\/p>\n<h3 style=\"text-align: center;\"><span style=\"color: #000000;\"><strong>Principal Investigator<\/strong><\/span><\/h3>\n<p>[\/vc_column_text][vc_empty_space height=&#8221;10&#8243;][vc_single_image image=&#8221;1136&#8243; img_size=&#8221;full&#8221; alignment=&#8221;center&#8221;][vc_empty_space height=&#8221;10&#8243;][vc_empty_space height=&#8221;10&#8243;][vc_column_text]<\/p>\n<p style=\"text-align: center;\"><span style=\"color: #000000;\"><strong>Dr. \u00d6\u011fretim \u00dcyesi Serkan KAYA<br \/>\n<\/strong><\/span><span style=\"color: #000000;\">(Bo\u011fazi\u00e7i University)<\/span><\/p>\n<p>[\/vc_column_text][vc_btn title=&#8221;CV&#8221; style=&#8221;outline&#8221; color=&#8221;sky&#8221; size=&#8221;sm&#8221; align=&#8221;center&#8221; link=&#8221;url:https%3A%2F%2Fdijitalmedeniusul.com%2Fen%2Fdr-serkan-kaya%2F&#8221;][vc_empty_space height=&#8221;10&#8243;][\/vc_column][vc_column width=&#8221;1\/3&#8243;][vc_empty_space height=&#8221;5&#8243;][\/vc_column][\/vc_row][vc_row][vc_column][vc_empty_space height=&#8221;10&#8243;][vc_column_text]<\/p>\n<h3 style=\"text-align: center;\"><strong><span style=\"color: #000000;\">Researchers<\/span> <\/strong><\/h3>\n<p>[\/vc_column_text][vc_empty_space height=&#8221;10&#8243;][\/vc_column][vc_column width=&#8221;1\/3&#8243;][vc_single_image image=&#8221;1162&#8243; img_size=&#8221;full&#8221; alignment=&#8221;center&#8221;][vc_empty_space height=&#8221;10&#8243;][vc_column_text]<\/p>\n<p style=\"text-align: center;\"><strong><span style=\"color: #000000;\">Prof. Dr. Nesibe KURT KONCA<\/span><\/strong><br \/>\n<span style=\"color: #000000;\">(Ankara Medipol University)<\/span><\/p>\n<p>[\/vc_column_text][vc_empty_space height=&#8221;10&#8243;][vc_btn title=&#8221;CV&#8221; style=&#8221;outline&#8221; color=&#8221;sky&#8221; size=&#8221;sm&#8221; align=&#8221;center&#8221; link=&#8221;url:https%3A%2F%2Fdijitalmedeniusul.com%2Fprof-dr-nesibe-kurt-konca%2F&#8221;][vc_empty_space height=&#8221;10&#8243;][\/vc_column][vc_column width=&#8221;1\/3&#8243;][vc_single_image image=&#8221;1200&#8243; img_size=&#8221;full&#8221; alignment=&#8221;center&#8221;][vc_empty_space height=&#8221;10&#8243;][vc_column_text]<\/p>\n<p style=\"text-align: center;\"><span style=\"color: #000000;\"><strong>Dr. \u00d6\u011fretim \u00dcyesi Seyhan SEL\u00c7UK<\/strong><\/span><br \/>\n<span style=\"color: #000000;\">(Eski\u015fehir Osmangazi University)<\/span><\/p>\n<p>[\/vc_column_text][vc_empty_space height=&#8221;10&#8243;][vc_btn title=&#8221;CV&#8221; style=&#8221;outline&#8221; color=&#8221;sky&#8221; size=&#8221;sm&#8221; align=&#8221;center&#8221; link=&#8221;url:https%3A%2F%2Fdijitalmedeniusul.com%2Fdr-ogr-uyesi-seyhan-selcuk%2F&#8221;][vc_empty_space height=&#8221;10&#8243;][\/vc_column][vc_column width=&#8221;1\/3&#8243;][vc_single_image image=&#8221;1161&#8243; img_size=&#8221;full&#8221; alignment=&#8221;center&#8221;][vc_empty_space height=&#8221;10&#8243;][vc_column_text]<\/p>\n<p style=\"text-align: center;\"><strong><span style=\"color: #000000;\">Dr. \u00d6\u011fretim \u00dcyesi Harun MURATO\u011eULLARI<\/span><\/strong><br \/>\n<span style=\"color: #000000;\">(Bo\u011fazi\u00e7i \u00dcniversitesi University)<\/span><\/p>\n<p>[\/vc_column_text][vc_empty_space height=&#8221;10&#8243;][vc_btn title=&#8221;CV&#8221; style=&#8221;outline&#8221; color=&#8221;sky&#8221; size=&#8221;sm&#8221; align=&#8221;center&#8221; link=&#8221;url:https%3A%2F%2Fdijitalmedeniusul.com%2Fdr-ogr-uyesi-harun-muratogullari%2F&#8221;][vc_empty_space height=&#8221;10&#8243;][\/vc_column][\/vc_row][vc_row][vc_column][vc_empty_space height=&#8221;10&#8243;][vc_column_text]<\/p>\n<h3 style=\"text-align: center;\"><span style=\"color: #000000;\"><strong>Scholars<\/strong><\/span><\/h3>\n<p>[\/vc_column_text][vc_empty_space height=&#8221;10&#8243;][\/vc_column][vc_column width=&#8221;1\/4&#8243;][vc_single_image image=&#8221;1199&#8243; img_size=&#8221;full&#8221; alignment=&#8221;center&#8221;][vc_empty_space height=&#8221;10&#8243;][vc_column_text]<\/p>\n<p style=\"text-align: center;\"><span style=\"color: #000000;\"><strong>Ar\u015f. G\u00f6r. K\u00fcbra Nur KIRAL\u0130<br \/>\n<\/strong><\/span><span style=\"color: #000000;\">(Eski\u015fehir Osmangazi University)<\/span><\/p>\n<p>[\/vc_column_text][vc_empty_space height=&#8221;10&#8243;][vc_btn title=&#8221;CV&#8221; style=&#8221;outline&#8221; color=&#8221;sky&#8221; size=&#8221;sm&#8221; align=&#8221;center&#8221; link=&#8221;url:https%3A%2F%2Fdijitalmedeniusul.com%2Fars-gor-kubra-nur-kirali%2F&#8221;][vc_empty_space height=&#8221;10&#8243;][\/vc_column][vc_column width=&#8221;1\/4&#8243;][vc_single_image image=&#8221;1198&#8243; img_size=&#8221;full&#8221; alignment=&#8221;center&#8221;][vc_empty_space height=&#8221;10&#8243;][vc_column_text]<\/p>\n<p style=\"text-align: center;\"><strong><span style=\"color: #000000;\">Ar\u015f. G\u00f6r. Ceren ELTAS<br \/>\n<\/span><\/strong><span style=\"color: #000000;\">(Ankara Hac\u0131 Bayram Veli University)<\/span><\/p>\n<p>[\/vc_column_text][vc_empty_space height=&#8221;10&#8243;][vc_btn title=&#8221;CV&#8221; style=&#8221;outline&#8221; color=&#8221;sky&#8221; size=&#8221;sm&#8221; align=&#8221;center&#8221; link=&#8221;url:https%3A%2F%2Fdijitalmedeniusul.com%2Fars-gor-ceren-eltas%2F&#8221;][vc_empty_space height=&#8221;10&#8243;][\/vc_column][vc_column width=&#8221;1\/4&#8243;][vc_single_image image=&#8221;1202&#8243; img_size=&#8221;full&#8221; alignment=&#8221;center&#8221;][vc_empty_space height=&#8221;10&#8243;][vc_column_text]<\/p>\n<p style=\"text-align: center;\"><span style=\"color: #000000;\"><strong>\u00d6\u011fr. G\u00f6r. Mine ERCEVAH\u0130R<\/strong><br \/>\n<\/span><span style=\"color: #000000;\">(Milli Savunma University)<\/span><\/p>\n<p>[\/vc_column_text][vc_empty_space height=&#8221;10&#8243;][vc_btn title=&#8221;CV&#8221; style=&#8221;outline&#8221; color=&#8221;sky&#8221; size=&#8221;sm&#8221; align=&#8221;center&#8221; link=&#8221;url:https%3A%2F%2Fdijitalmedeniusul.com%2Fogr-gor-mine-ercevahir%2F&#8221;][vc_empty_space height=&#8221;10&#8243;][\/vc_column][vc_column width=&#8221;1\/4&#8243;][vc_single_image image=&#8221;1283&#8243; img_size=&#8221;full&#8221; alignment=&#8221;center&#8221;][vc_empty_space height=&#8221;10&#8243;][vc_column_text]<\/p>\n<p style=\"text-align: center;\"><span style=\"color: #000000;\"><strong>Ar\u015f. G\u00f6r. H\u00fcseyin ZORLU<\/strong><br \/>\n(Yozgat Bozok University)<\/span><\/p>\n<p>[\/vc_column_text][vc_empty_space height=&#8221;10&#8243;][vc_btn title=&#8221;CV&#8221; style=&#8221;outline&#8221; color=&#8221;sky&#8221; size=&#8221;sm&#8221; align=&#8221;center&#8221; link=&#8221;url:https%3A%2F%2Fdijitalmedeniusul.com%2Fars-gor-huseyin-zorlu&#8221;][vc_empty_space height=&#8221;10&#8243;][\/vc_column][vc_column][vc_empty_space height=&#8221;10&#8243;][vc_empty_space height=&#8221;10&#8243;][\/vc_column][\/vc_row]<\/p>\n<\/div>","protected":false},"excerpt":{"rendered":"<p>[vc_row][vc_column width=&#8221;1\/3&#8243;][vc_empty_space height=&#8221;5&#8243;][\/vc_column][vc_column width=&#8221;1\/3&#8243;][vc_column_text] Principal Investigator [\/vc_column_text][vc_empty_space height=&#8221;10&#8243;][vc_single_image image=&#8221;1136&#8243; img_size=&#8221;full&#8221; alignment=&#8221;center&#8221;][vc_empty_space height=&#8221;10&#8243;][vc_empty_space height=&#8221;10&#8243;][vc_column_text] Dr. \u00d6\u011fretim \u00dcyesi Serkan KAYA (Bo\u011fazi\u00e7i University) [\/vc_column_text][vc_btn title=&#8221;CV&#8221; style=&#8221;outline&#8221; color=&#8221;sky&#8221; size=&#8221;sm&#8221; align=&#8221;center&#8221; link=&#8221;url:https%3A%2F%2Fdijitalmedeniusul.com%2Fen%2Fdr-serkan-kaya%2F&#8221;][vc_empty_space height=&#8221;10&#8243;][\/vc_column][vc_column width=&#8221;1\/3&#8243;][vc_empty_space height=&#8221;5&#8243;][\/vc_column][\/vc_row][vc_row][vc_column][vc_empty_space height=&#8221;10&#8243;][vc_column_text] Researchers [\/vc_column_text][vc_empty_space height=&#8221;10&#8243;][\/vc_column][vc_column width=&#8221;1\/3&#8243;][vc_single_image image=&#8221;1162&#8243; img_size=&#8221;full&#8221; alignment=&#8221;center&#8221;][vc_empty_space height=&#8221;10&#8243;][vc_column_text] Prof. Dr. Nesibe KURT KONCA (Ankara Medipol University) [\/vc_column_text][vc_empty_space height=&#8221;10&#8243;][vc_btn title=&#8221;CV&#8221; style=&#8221;outline&#8221; color=&#8221;sky&#8221; size=&#8221;sm&#8221; align=&#8221;center&#8221; link=&#8221;url:https%3A%2F%2Fdijitalmedeniusul.com%2Fprof-dr-nesibe-kurt-konca%2F&#8221;][vc_empty_space [&hellip;]<\/p>\n","protected":false},"author":1,"featured_media":0,"parent":0,"menu_order":0,"comment_status":"closed","ping_status":"closed","template":"","meta":{"footnotes":""},"class_list":["post-1004","page","type-page","status-publish","hentry"],"_links":{"self":[{"href":"https:\/\/dijitalmedeniusul.com\/en\/wp-json\/wp\/v2\/pages\/1004","targetHints":{"allow":["GET"]}}],"collection":[{"href":"https:\/\/dijitalmedeniusul.com\/en\/wp-json\/wp\/v2\/pages"}],"about":[{"href":"https:\/\/dijitalmedeniusul.com\/en\/wp-json\/wp\/v2\/types\/page"}],"author":[{"embeddable":true,"href":"https:\/\/dijitalmedeniusul.com\/en\/wp-json\/wp\/v2\/users\/1"}],"replies":[{"embeddable":true,"href":"https:\/\/dijitalmedeniusul.com\/en\/wp-json\/wp\/v2\/comments?post=1004"}],"version-history":[{"count":54,"href":"https:\/\/dijitalmedeniusul.com\/en\/wp-json\/wp\/v2\/pages\/1004\/revisions"}],"predecessor-version":[{"id":1352,"href":"https:\/\/dijitalmedeniusul.com\/en\/wp-json\/wp\/v2\/pages\/1004\/revisions\/1352"}],"wp:attachment":[{"href":"https:\/\/dijitalmedeniusul.com\/en\/wp-json\/wp\/v2\/media?parent=1004"}],"curies":[{"name":"wp","href":"https:\/\/api.w.org\/{rel}","templated":true}]}}