{"id":1092,"date":"2024-11-12T23:36:00","date_gmt":"2024-11-12T23:36:00","guid":{"rendered":"https:\/\/dijitalmedeniusul.com\/?page_id=1092"},"modified":"2025-07-30T08:49:37","modified_gmt":"2025-07-30T08:49:37","slug":"ulusal-calistay","status":"publish","type":"page","link":"https:\/\/dijitalmedeniusul.com\/en\/ulusal-calistay\/","title":{"rendered":"National Workshop"},"content":{"rendered":"<div class=\"wpb-content-wrapper\"><p>[vc_row][vc_column width=&#8221;1\/2&#8243;][vc_gallery interval=&#8221;3&#8243; images=&#8221;1290,1291,1292,1293,1289,1294&#8243; img_size=&#8221;full&#8221;][vc_empty_space height=&#8221;10&#8243;][\/vc_column][vc_column width=&#8221;1\/2&#8243;][vc_column_text]<span style=\"color: #000000;\"><strong>We Successfully Held Our National Workshop on the Research Project Investigating the Impact of Digitalization in the Judiciary on the Principles Governing Civil Procedure!<\/strong><\/span><\/p>\n<p><span style=\"color: #000000;\">With the dedicated efforts of our project coordinator Serkan Kaya, our researchers Arb. Prof. Dr. Nesibe Kurt Konca, Seyhan Sel\u00e7uk, Harun Muratogullari, and all team members involved, we conducted a highly productive event.<\/span><\/p>\n<p><span style=\"color: #000000;\">The workshop aimed to comprehensively address the effects of digitalization on judicial processes, discuss the adaptation of the principles governing civil procedure to digital transformation, and evaluate the current status in this field. Thanks to the active participation of academics, lawyers, notaries, judges, as well as representatives from the Information and Communication Technologies Authority, the Ministry of Trade\u2019s Directorate General for Consumer Protection and Market Surveillance, and relevant units of the Ministry of Justice (Directorate General of Legislation, Directorate General of Legal Affairs, and Directorate General of Information Processing), a rich environment for knowledge sharing was created.<\/span>[\/vc_column_text][vc_empty_space height=&#8221;10&#8243;][\/vc_column][vc_column][vc_column_text]<span style=\"color: #000000;\">The workshop began with the introduction of the project by our project coordinator Serkan Kaya, followed by a welcome speech from Prof. Dr. Ali Emrah Bozbay\u0131nd\u0131r, Dean of Bo\u011fazi\u00e7i University Faculty of Law, who also discussed the historical development of procedural principles, and an opening speech by Deputy Minister of Justice Mr. Niyazi Acar summarizing the digital advancements in the judiciary over the past twenty years.<\/span><\/p>\n<p><span style=\"color: #000000;\"><strong>Session 1: The Current Status and Legal Infrastructure of Digitalisation in Civil Procedure Law<\/strong><\/span><br \/>\n<span style=\"color: #000000;\">Moderator: Deputy Minister of Justice Mr. Niyazi Acar contributed significantly to the session\u2019s productivity by guiding discussions on the current status and legal infrastructure of digitalization in civil procedure law.<\/span><\/p>\n<p><span style=\"color: #000000;\"><strong>Session 2: The Impact of Digitalisation on the Principles of Civil Litigation: Issues and Debates<\/strong><\/span><br \/>\n<span style=\"color: #000000;\">Moderator: Prof. Dr. Sel\u00e7uk \u00d6ztek brought a unique vision to the workshop through his leadership and in-depth academic perspective on the transformation of civil procedure principles.<\/span><\/p>\n<p><span style=\"color: #000000;\"><strong>Session 3: Recommendations and Roadmap for Digital Transformation in Civil Justice<\/strong><\/span><br \/>\n<span style=\"color: #000000;\">Moderator: Prof. Dr. Murat Atal\u0131 laid the groundwork for strategic discussions regarding proposals and the roadmap for digital transformation in civil justice.<\/span><\/p>\n<p><span style=\"color: #000000;\">During the sessions, applications such as UYAP, e-hearing, e-notification, and e-notary were discussed alongside the impacts of digitalization and artificial intelligence tools on the right to a fair trial, legal certainty, and the right to defense. Moreover, strategic recommendations for digital transformation were developed based on international best practices.<\/span><\/p>\n<p><span style=\"color: #000000;\">We express our gratitude to the esteemed session chairs who guided our workshop in their respective fields, as well as to all speakers and participants who contributed with their knowledge and experience.<\/span><\/p>\n<p><span style=\"color: #000000;\">The workshop has established a strong foundation for building our projects on solid ground. We will continue our efforts to contribute to a more just, transparent, and accessible judicial system!<\/span><\/p>\n<p><span style=\"color: #000000;\"><strong>\u00a0<\/strong><\/span>[\/vc_column_text][vc_empty_space][\/vc_column][\/vc_row]<\/p>\n<\/div>","protected":false},"excerpt":{"rendered":"<p>[vc_row][vc_column width=&#8221;1\/2&#8243;][vc_gallery interval=&#8221;3&#8243; images=&#8221;1290,1291,1292,1293,1289,1294&#8243; img_size=&#8221;full&#8221;][vc_empty_space height=&#8221;10&#8243;][\/vc_column][vc_column width=&#8221;1\/2&#8243;][vc_column_text]We Successfully Held Our National Workshop on the Research Project Investigating the Impact of Digitalization in the Judiciary on the Principles Governing Civil Procedure! With the dedicated efforts of our project coordinator Serkan Kaya, our researchers Arb. Prof. Dr. Nesibe Kurt Konca, Seyhan Sel\u00e7uk, Harun Muratogullari, and all team [&hellip;]<\/p>\n","protected":false},"author":1,"featured_media":0,"parent":0,"menu_order":0,"comment_status":"closed","ping_status":"closed","template":"","meta":{"footnotes":""},"class_list":["post-1092","page","type-page","status-publish","hentry"],"_links":{"self":[{"href":"https:\/\/dijitalmedeniusul.com\/en\/wp-json\/wp\/v2\/pages\/1092","targetHints":{"allow":["GET"]}}],"collection":[{"href":"https:\/\/dijitalmedeniusul.com\/en\/wp-json\/wp\/v2\/pages"}],"about":[{"href":"https:\/\/dijitalmedeniusul.com\/en\/wp-json\/wp\/v2\/types\/page"}],"author":[{"embeddable":true,"href":"https:\/\/dijitalmedeniusul.com\/en\/wp-json\/wp\/v2\/users\/1"}],"replies":[{"embeddable":true,"href":"https:\/\/dijitalmedeniusul.com\/en\/wp-json\/wp\/v2\/comments?post=1092"}],"version-history":[{"count":17,"href":"https:\/\/dijitalmedeniusul.com\/en\/wp-json\/wp\/v2\/pages\/1092\/revisions"}],"predecessor-version":[{"id":1338,"href":"https:\/\/dijitalmedeniusul.com\/en\/wp-json\/wp\/v2\/pages\/1092\/revisions\/1338"}],"wp:attachment":[{"href":"https:\/\/dijitalmedeniusul.com\/en\/wp-json\/wp\/v2\/media?parent=1092"}],"curies":[{"name":"wp","href":"https:\/\/api.w.org\/{rel}","templated":true}]}}