{"id":1154,"date":"2024-11-14T21:18:58","date_gmt":"2024-11-14T21:18:58","guid":{"rendered":"https:\/\/dijitalmedeniusul.com\/?page_id=1154"},"modified":"2025-07-31T07:13:48","modified_gmt":"2025-07-31T07:13:48","slug":"dr-serkan-kaya","status":"publish","type":"page","link":"https:\/\/dijitalmedeniusul.com\/en\/dr-serkan-kaya\/","title":{"rendered":"Dr. SERKAN KAYA"},"content":{"rendered":"<div class=\"wpb-content-wrapper\"><p>[vc_row][vc_column width=&#8221;1\/3&#8243;][vc_single_image image=&#8221;1136&#8243; img_size=&#8221;full&#8221;][vc_empty_space height=&#8221;15&#8243;][\/vc_column][vc_column width=&#8221;2\/3&#8243;][vc_column_text]<span style=\"color: #000000;\"><strong>Dr. SERKAN KAYA<\/strong><\/span><\/p>\n<p><span style=\"color: #000000;\"><strong>PERSONAL INFORMATION<\/strong><\/span><\/p>\n<p><span style=\"color: #000000;\"><strong>Email: <\/strong><a style=\"color: #000000;\" href=\"mailto:serkan.kaya@bogazici.edu.tr\"><strong>serkan.kaya@bogazici.edu.tr<\/strong><\/a><\/span><\/p>\n<p><span style=\"color: #000000;\"><strong>Adress: <\/strong>Faculty of Law, Bo\u011fazi\u00e7i University, 34342 Bebek \/ISTANBUL<\/span><\/p>\n<p><span style=\"color: #000000;\"><strong>EDUCATION INFORMATION <\/strong><\/span><\/p>\n<ul>\n<li><span style=\"color: #000000;\">PhD, Brunel University London, Law School, England 2015-2019<\/span><\/li>\n<li><span style=\"color: #000000;\">LLM, Brunel University London, Law School, England 2013-2014<\/span><\/li>\n<li><span style=\"color: #000000;\">LLB, Akdeniz University, Turkey 2007-2011<\/span><\/li>\n<\/ul>\n<p>[\/vc_column_text][vc_empty_space height=&#8221;15&#8243;][\/vc_column][vc_column][vc_empty_space][vc_column_text]<span style=\"color: #000000;\"><strong>PUBLICATIONS<\/strong><\/span><\/p>\n<p><span style=\"color: #000000;\"><strong>\u00a0<\/strong><\/span><\/p>\n<p><span style=\"color: #000000;\"><strong>Articles:<\/strong><\/span><\/p>\n<ol>\n<li><span style=\"color: #000000;\">\u201c<strong>The elephant in the room: A global mechanism for E-Sport disputes<\/strong>\u201d (2025) 57 Computer Law &#038; Security Review. (with \u015eahin \u015eeng\u00fcl E., Keskin A.)<\/span><\/li>\n<li><span style=\"color: #000000;\">\u201c<strong>AI-driven civil litigation: Navigating the right to a fair trial\u201d <\/strong>(2025) 57 Computer Law &#038; Security Review. (with Sel\u00e7uk S., Kurt Konca N.)<\/span><\/li>\n<li><span style=\"color: #000000;\">\u201c<strong>Financial Restructuring in Turkey: Drawing Lessons from the EU\u201d <\/strong>(2025 Forthcoming) European Business Organization Law Review. (with G\u00f6k\u00e7e Karabel E.)<\/span><\/li>\n<li><span style=\"color: #000000;\"><strong>\u201cTahkimin S\u00fcreye Ba\u011fl\u0131 Olmas\u0131n\u0131n K\u00f6t\u00fcye Kullan\u0131lmas\u0131\u201d (<\/strong>2025) 14 (2) Uluslararas\u0131 Ticaret ve Tahkim Hukuku Dergisi, 309-341. (with Havan, M E.)<\/span><\/li>\n<li><span style=\"color: #000000;\">\u201c<strong>\u0130cra-\u0130flas Hukuku Kapsam\u0131nda Kripto Varl\u0131klar\u0131n K\u0131ymet Takdiri<\/strong>\u201d 2024 24(2) Akdeniz \u00dcniversitesi Hukuk Fak\u00fcltesi Dergisi.<\/span><\/li>\n<li><span style=\"color: #000000;\">\u201c<strong>Medeni Yarg\u0131lama Kapsam\u0131nda Yurtd\u0131\u015f\u0131ndaki Delillere Eri\u015fim A\u00e7\u0131s\u0131ndan 2020 Tarihli Avrupa Delil T\u00fcz\u00fc\u011f\u00fcne Genel Bir Bak\u0131\u015f\u201d <\/strong>(2024) 12(24) Antalya Bilim \u00dcniversitesi Hukuk Fak\u00fcltesi Dergisi.<\/span><\/li>\n<li><span style=\"color: #000000;\">\u201c<strong>Sosyal Medya Etkileyicilerinin Reklamlar\u0131na Kar\u015f\u0131 A\u00e7\u0131lan Davalar\u0131n Medeni Usul Hukuku Perspektifinden De\u011ferlendirilmesi\u201d <\/strong>2024 6(2) Bili\u015fim Hukuku Dergisi. (with Havan, M E.)<\/span><\/li>\n<li><span style=\"color: #000000;\">\u201c<strong>Resolution of Intellectual Property Disputes in Turkey: Emerging Trends of Mandatory Mediation and Specialised Courts for Intellectual Property Disputes<\/strong>\u201d (2024) 19(12) Journal of Intellectual Property Law&#038;Practice. (with Kervank\u0131ran E., Ak\u0131nc\u0131 M F.)<\/span><\/li>\n<li><span style=\"color: #000000;\">\u201c<strong>Mukayeseli Hukuk ve T\u00fcrk Hukuku Kapsam\u0131nda Daval\u0131n\u0131n Bilin(e)memesinin Davan\u0131n A\u00e7\u0131lmas\u0131 Bak\u0131m\u0131ndan De\u011ferlendirilmesi<\/strong>\u201d (2024) 6(1) ASB\u00dc Hukuk Fak\u00fcltesi Dergisi, 126-158.<\/span><\/li>\n<li><span style=\"color: #000000;\"><strong>\u201cFikir ve Sanat Eserleri Kanunu Kapsam\u0131nda Ortaya \u00c7\u0131kan Uyu\u015fmazl\u0131klar\u0131n Medeni Usul Hukuku Perspektifinden De\u011ferlendirilmesi\u201d <\/strong>(2024) 29(50) Dicle \u00dcniversitesi Hukuk Fak\u00fcltesi Dergisi, 229-262. (with Kervank\u0131ran E.)<\/span><\/li>\n<li><span style=\"color: #000000;\">\u201c<strong>Global Class Actions: Towards a Blockchain-Based Dispute Resolution System<\/strong>\u201d (2023) Journal of Consumer Policy, 21-49. (with \u015eahin \u015eeng\u00fcl E.)<\/span><\/li>\n<li><span style=\"color: #000000;\">\u201c<strong>Consumer Collective Redress in Turkey: The Need for Reform in Light of the EU Regime\u201d (<\/strong>2023) 25 European Business Organization Law Review, 599-624. (with \u015eahin \u015eeng\u00fcl E.)<\/span><\/li>\n<li><span style=\"color: #000000;\">\u201c<strong>Sanal Evrende \u00c7\u0131kabilecek Uyu\u015fmazl\u0131klar\u0131n \u00c7\u00f6z\u00fcm\u00fc<\/strong>\u201d (2023) 1(1) The Bo\u011fazi\u00e7i Law Review, 98-114.<\/span><\/li>\n<li><span style=\"color: #000000;\">\u201c<strong>Mandatory Mediation for Consumer Disputes: Unintended Consequences of Mandatory Mediation<\/strong>\u201d (2023) 34 (1) International Company and Commercial Law Review, 25-40. (with \u015eahin \u00c7 S.)<\/span><\/li>\n<li><span style=\"color: #000000;\">\u201c<strong>Celse Harc\u0131 ve Hukuki Niteli\u011fine \u0130li\u015fkin Bir De\u011ferlendirme\u201d <\/strong>2023 1(2) The Bo\u011fazi\u00e7i Law Review. (with \u00d6zt\u00fcrk \u0130.)<\/span><\/li>\n<li><span style=\"color: #000000;\">\u201c<strong>Blokzincir Teknolojisinin Yarg\u0131lama Hukukuna Etkisi: Merkeziyetsiz Adalet Anlay\u0131\u015f\u0131\u201d <\/strong>(2022) 10(2) Sakarya Hukuk Fak\u00fcltesi Dergisi, 477-500. (with Mavi\u015f K.)<\/span><\/li>\n<li><span style=\"color: #000000;\">\u201c<strong>Blokzincir Tabanl\u0131 Ak\u0131ll\u0131 S\u00f6zle\u015fmelerden Do\u011fan Uyu\u015fmazl\u0131klar\u0131n \u00c7\u00f6zu\u0308mu\u0308<\/strong>\u201d (2022) 18 (52) Meden\u00ee Us\u00fbl ve \u0130cra \u0130fl\u00e2s Hukuku Dergisi, 519-542.<\/span><\/li>\n<li><span style=\"color: #000000;\">\u201c<strong>Online Dispute Resolution in Pakistan: Opportunities and Challenges\u201d <\/strong>(2022) 7(2) Journal of Nusantara Studies, 103-119. (with Khan M D.)<\/span><\/li>\n<li><span style=\"color: #000000;\">\u201c<strong>Access to Justice for Consumers in Turkey: The Need for Enhancing Consumer Dispute Resolution Through Online Dispute Resolution<\/strong>\u201d (2022) 26 (1) Ankara Hac\u0131 Bayram Veli \u00dcniversitesi Hukuk Fak\u00fcltesi Dergisi, 225-260.<\/span><\/li>\n<li><span style=\"color: #000000;\">Kaya S., \u201c<strong>\u00c7evrim \u0130\u00e7i (Online) Tahkime \u0130li\u015fkin G\u00fcncel Meseleler ve K\u00fcresel Salg\u0131n D\u00f6neminde Tahkim<\/strong>\u201d (2022) 11 (1) Uluslararas\u0131 Ticaret ve Tahkim Hukuku Dergisi, 93-152. (with Aydemir D.)<\/span><\/li>\n<li><span style=\"color: #000000;\">Kaya S., <strong>&#8220;Evaluation of Patent Protection in Pandemic Vaccines and Drugs&#8221; <\/strong>(2022) 8 (1) Ticaret ve Fikri M\u00fclkiyet Hukuku Dergisi, 143-166. (with Karatepe Kaya M.)<\/span><\/li>\n<li><span style=\"color: #000000;\">Kaya S., Karatepe Kaya M. \u201c<strong>Emerging Trends of Resolving Commercial Disputes Through Mandatory Mediation in Turkey<\/strong>\u201d (2021) 32 (11) International Company and Commercial Law Review, 591-603. (with Karatepe Kaya M.)<\/span><\/li>\n<li><span style=\"color: #000000;\">\u201c<strong>Dispute Prevention and Resolution in Online Shopping<\/strong>\u201d (2021) 6 (10) \u0130stanbul Medeniyet \u00dcniversitesi Hukuk Fak\u00fcltesi Dergisi, 164 -179.<\/span><\/li>\n<li><span style=\"color: #000000;\">\u201c<strong>Uyu\u015fmazl\u0131klar\u0131n \u00c7\u00f6z\u00fcm\u00fcnde Hibrit Y\u00f6ntem: Arabuluculuk \u2013 Tahkim<\/strong>\u201d (2021) 17 (48) Medeni Us\u00fbl ve \u0130cra \u0130fl\u00e2s Hukuku Dergisi, 225-252.<\/span><\/li>\n<li><span style=\"color: #000000;\">\u201c<strong>Advanced Technologies for Supporting Dispute Resolution: An Analysis<\/strong>\u201d (2019) 2 (1) Review of Applied Management and Social Sciences, 47-57. (with Khan M.D., Habib R.I.)<\/span><\/li>\n<li><span style=\"color: #000000;\">\u201c<strong>Global Trends of Online Dispute Resolution (ODR) with Reference to Online Trade in Pakistan<\/strong>\u201d (2018) 4 (2) Review of Economics and Development Studies, 303-311. (with Khan M.D., Habib R.I.)<\/span><\/li>\n<\/ol>\n<p>&nbsp;<\/p>\n<p><span style=\"color: #000000;\"><strong>Books &#038; Book Chapters:<\/strong><\/span><\/p>\n<p>&nbsp;<\/p>\n<ul>\n<li><span style=\"color: #000000;\">\u201c<strong>Consumer ADR in Emerging Economies\u201d <\/strong>(2025, Routledge) (with \u015eahin \u015eeng\u00fcl E.(eds))<\/span><\/li>\n<li><span style=\"color: #000000;\">\u201c<strong>Consumer ADR in the UK\u201d <\/strong>in \u015eahin \u015eeng\u00fcl E., Kaya S. (eds) \u201c<strong>Consumer ADR in Emerging Economies\u201d <\/strong>(2025, Routledge) (with \u015eahin \u015eeng\u00fcl E.)<\/span><\/li>\n<li><span style=\"color: #000000;\">\u201c<strong>Consumer ADR in Turkey\u201d <\/strong>in \u015eahin \u015eeng\u00fcl E., Kaya S. (eds) \u201c<strong>Consumer ADR in Emerging Economies\u201d <\/strong>(2025, Routledge) (with \u015eahin \u015eeng\u00fcl E.)<\/span><\/li>\n<li><span style=\"color: #000000;\">\u201c<strong>Consumer ADR in the EU\u201d <\/strong>in \u015eahin \u015eeng\u00fcl E., Kaya S. (eds) \u201c<strong>Consumer ADR in Emerging Economies\u201d <\/strong>(2025, Routledge) (with \u015eahin \u015eeng\u00fcl E.)<\/span><\/li>\n<li><span style=\"color: #000000;\">\u201c<strong>Geli\u015fen Teknolojilerin Medeni Usul Hukukuna Etkileri<\/strong>\u201d<strong>, <\/strong>(2023, Se\u00e7kin Yay\u0131nc\u0131l\u0131k)<\/span><\/li>\n<li><span style=\"color: #000000;\">\u201c<strong>Milli Tahkim Kapsam\u0131nda Tahkime Elveri\u015flilik<\/strong>\u201d<strong>, <\/strong>(2022, On \u0130ki Levha Yay\u0131nc\u0131l\u0131k)<\/span><\/li>\n<li><span style=\"color: #000000;\">\u201c<strong>\u00d6nleyici Hukuk: Geli\u015fmekte olan Teknolojiler Arac\u0131l\u0131\u011f\u0131yla Uyu\u015fmazl\u0131klar\u0131 \u00d6nleme<\/strong>\u201d<strong>, <\/strong>in Kaya S. (ed), \u201c<strong>Geli\u015fen Teknolojilerin Medeni Usul Hukukuna Etkileri<\/strong>\u201d<strong>, <\/strong>(2023, Se\u00e7kin Yay\u0131nc\u0131l\u0131k)<\/span><\/li>\n<li><span style=\"color: #000000;\">\u201c<strong>\u0130tiraz\u0131n \u0130ptali Davas\u0131n\u0131n Tahkime Elveri\u015flili\u011fi<\/strong>\u201d<strong>, <\/strong>in Kaya S. (ed), \u201c<strong>Milli Tahkim Kapsam\u0131nda Tahkime Elveri\u015flilik<\/strong>\u201d<strong>, <\/strong>(2022, On \u0130ki Levha Yay\u0131nc\u0131l\u0131k)<\/span><\/li>\n<li><span style=\"color: #000000;\">\u201c<strong>Access to Justice for Consumers in Emerging Economies<\/strong>\u201d<strong>, <\/strong>(2021, Adalet Yay\u0131nevi)<\/span><\/li>\n<li><span style=\"color: #000000;\">\u201c<strong>Access to Justice for Consumers in Turkey<\/strong>\u201d, in Kaya S. (ed), Access to Justice for Consumers in Emerging Economies, (2021, Adalet Yay\u0131nevi), 55-79.<\/span><\/li>\n<li><span style=\"color: #000000;\">\u201c<strong>A Critical Role of Diplomatic Protection in Investor-State Disputes<\/strong>\u201d, (2021, On \u0130ki Levha Yay\u0131nc\u0131l\u0131k) (with Habyyev R.)<\/span><\/li>\n<li><span style=\"color: #000000;\">\u201c<strong>A Review of Artificial Intelligence Studies in Law: Trends and Future Challenges<\/strong>\u201d in S\u00fckl\u00fcn H. (ed), \u201cMultidisciplinary Perspectives of AI: Past, Present, Future, (2021 On \u0130ki Levha Yay\u0131nc\u0131l\u0131k) 107-126.<\/span><\/li>\n<li><span style=\"color: #000000;\">\u201c<strong>Consumer Dispute Resolution in the Digital Age: Online Dispute Resolution<\/strong>\u201d, (2020, On \u0130ki Levha Yay\u0131nc\u0131l\u0131k)<\/span><\/li>\n<\/ul>\n<p>&nbsp;<\/p>\n<p>&nbsp;<\/p>\n<p><span style=\"color: #000000;\"><strong>RESEARCH AND CONFERENCES<\/strong><\/span><\/p>\n<p>&nbsp;<\/p>\n<ul>\n<li><span style=\"color: #000000;\"><strong>\u201cMenfi Tespit Davalar\u0131nda Teminat \u0130adesi Sorunlar\u0131\u201d, <\/strong> Necmettin Erbakan \u00dcniversitesi Hukuk Kongresi 2025, 23-24 May 2024.<\/span><\/li>\n<li><span style=\"color: #000000;\">\u201c<strong>Medeni Yarg\u0131lamada Yapay Zek\u00e2 Kullan\u0131m\u0131n\u0131n Kanuni, Ba\u011f\u0131ms\u0131z ve Tarafs\u0131z Mahkeme \u0130lkesi Kapsam\u0131nda De\u011ferlendirilmesi\u201d <\/strong>Yapay Zek\u00e2 ve Hukuk \u00c7al\u0131\u015fmalar\u0131 (Hacettepe \u00dcniversitesi), 14-15 December 2024.<\/span><\/li>\n<li><span style=\"color: #000000;\">\u201c<strong>B\u00fcy\u00fck Felaketler Sonras\u0131 Delil Tespiti ve Yarg\u0131 S\u00fcrecinde Ge\u00e7ici Hukuki Korumalar\u201d <\/strong>\u0130n\u00f6n\u00fc \u00dcniversitesi Afet-\u00c7evre ve Hukuk Kongresi, 10-11 October 2024.<\/span><\/li>\n<li><span style=\"color: #000000;\">\u201c<strong>e-Spor Sekt\u00f6r\u00fcnde Uyu\u015fmazl\u0131k \u00c7\u00f6z\u00fcm\u00fcn\u00fcn Modernle\u015ftirilmesi: Zorluklar ve F\u0131rsatlar\u201d <\/strong> Necmettin Erbakan \u00dcniversitesi Hukuk Kongresi, 17-18 May 2024.<\/span><\/li>\n<li><span style=\"color: #000000;\"><strong>\u201cHow has EU Law influenced Turkish Civil Procedure Law?\u201d, <\/strong>The Influence of Western Law on Eastern Countries (in Historical and the Contemporary Context), Institute for Contemporary Private Law at the TSU Faculty of Law\/Alte University School of Law, Georgia, 28 July 2023.<\/span><\/li>\n<li><span style=\"color: #000000;\">\u201c<strong>Hukuk Muhakemeleri Kanunu\u2019nda Tahkim\u201d<\/strong>, Tahkim Hukuku Zirvesi, (\u00d6zye\u011fin \u00dcniversitesi), Istanbul, Turkey, 09 December 2022.<\/span><\/li>\n<li><span style=\"color: #000000;\">&#8220;<strong>Blockchain Dispute Resolution for Decentralized Autonomous Organizations<\/strong>&#8220;, 5th International Conference on European Company Law and Corporate Governance (ECL&#038;CG), Zagreb, Crotia, 24-25 November 2022.<\/span><\/li>\n<li><span style=\"color: #000000;\">\u201c<strong>\u0130tiraz\u0131n \u0130ptali Davas\u0131n\u0131n Tahkime Elveri\u015flili\u011fi\u201d <\/strong> International Symposium on Law (ASOS Congress), Istanbul, Turkey, 15 June 2022.<\/span><\/li>\n<li><span style=\"color: #000000;\">\u201c<strong>Resolution of Blockchain -Based Smart Contract Disputes<\/strong>\u201d International Symposium on Current Issues Regarding Civil Procedures and Execution and Bankruptcy Law 2022, Istanbul, Turkey, 10 February 2022.<\/span><\/li>\n<li><span style=\"color: #000000;\">\u201c<strong>T\u00fcketici Sorunlar\u0131n\u0131n \u00c7evrim \u0130\u00e7i Uyu\u015fmazl\u0131k \u00c7\u00f6z\u00fcm\u00fc Yoluyla \u00c7\u00f6z\u00fclmesi: Olas\u0131 Sorunlar ve \u00c7\u00f6z\u00fcm \u00d6nerileri<\/strong>\u201d Uluslararas\u0131 Bili\u015fim Hukuku Sempozyumu, Istanbul, Turkey, 03-05 December 2021.<\/span><\/li>\n<li><span style=\"color: #000000;\">\u201c<strong>Resolution of Labour Disputes through Mandatory Mediation in Turkey: A Critical Analysis of Mandatory Mediation<\/strong>\u201d, Society of Legal Scholars Annual Conference 2021, Dublin, United Kingdom, 31 August \u2013 03 September 2021.<\/span><\/li>\n<li><span style=\"color: #000000;\">\u201c<strong>Resolution of Corporate Disputes in the age of Covid-19: The Need for ODR<\/strong>\u201d, Building the Future for Commercial and Corporate Law in Post-COVID-19, Nsukka, Nigeria, 3 March 2021.<\/span><\/li>\n<li><span style=\"color: #000000;\">\u201c<strong>Access to Justice for Consumers in the Digital Age: Out-of-Court Consumer Redress<\/strong>\u201d, International Conference on Law and Society (ICLAS 2019), \u0130stanbul, Turkey, 05 April 2019.<\/span><\/li>\n<li><span style=\"color: #000000;\">\u201c<strong>Suitability of Alternative Dispute Resolution for Shareholders Disputes<\/strong>\u201d, Corporate Governance: Search for the Advanced Practices, Rome, Italy, 28 February 2019.<\/span><\/li>\n<li><span style=\"color: #000000;\">\u201c<strong>Online Dispute Resolution for Consumer Disputes<\/strong>\u201d 8th Annual Brunel Law Research Student Conference, London, United Kingdom, 21 June 2018.<\/span><\/li>\n<li><span style=\"color: #000000;\">\u201c<strong>Access to Justice in the Digital Age: Suitability of Alternative Dispute Resolution and Online Dispute Resolution to Consumer Disputes<\/strong>\u201d, The Responsible Consumer in the Digital Age- International and Nordic Perspectives on Consumer Financial Protection Conference, Kobenhavn, Denmark, 31 May-01 June 2018.<\/span><\/li>\n<li><span style=\"color: #000000;\">\u201c<strong>Access to Justice in the Digital Age: Suitability of Alternative Dispute Resolution and Online Dispute Resolution to Consumer Disputes<\/strong>\u201d, International Conference on Artificial Intelligence in Law and Legal Practice, Paris, France,17-18 May 2018.<\/span><\/li>\n<\/ul>\n<p><span style=\"color: #000000;\"><strong>\u00a0<\/strong><\/span><\/p>\n<p><span style=\"color: #000000;\"><strong>\u00a0<\/strong><\/span><\/p>\n<p><span style=\"color: #000000;\"><strong>PROJECTS<\/strong><\/span><\/p>\n<ul>\n<li><span style=\"color: #000000;\">T\u00dcB\u0130TAK 1001- \u201cYarg\u0131da Dijitalle\u015fmenin Medeni Yarg\u0131lamaya Egemen Olan \u0130lkelere Etkisinin Ara\u015ft\u0131r\u0131lmas\u0131\u201d led by Serkan Kaya<\/span><\/li>\n<li><span style=\"color: #000000;\">\u201c<strong>Cross-border Enforcement of Consumer Law: Looking to the Future\u201d<\/strong> led by Christine Reifa, UNCTAD\u2019s Working Group on E-commerce, Sub-working Group 3, available at <a style=\"color: #000000;\" href=\"https:\/\/unctad.org\/system\/files\/information-document\/ccpb_WG_e-commerce_cross-Border_Riefa_en.pdf\">https:\/\/unctad.org\/system\/files\/information-document\/ccpb_WG_e-commerce_cross-Border_Riefa_en.pdf<\/a><\/span><\/li>\n<\/ul>\n<p><span style=\"color: #000000;\"><strong>AWARDS<\/strong><\/span><\/p>\n<ul>\n<li><span style=\"color: #000000;\">1<sup>st<\/sup> Prize, Best Commercial Law Paper, Brunel University London, June 2018<\/span><\/li>\n<li><span style=\"color: #000000;\">1<sup>st<\/sup> Prize, Best Commercial Law Paper, Brunel University London, June 2017<\/span><\/li>\n<\/ul>\n<p>[\/vc_column_text][vc_empty_space][\/vc_column][\/vc_row]<\/p>\n<\/div>","protected":false},"excerpt":{"rendered":"<p>[vc_row][vc_column width=&#8221;1\/3&#8243;][vc_single_image image=&#8221;1136&#8243; img_size=&#8221;full&#8221;][vc_empty_space height=&#8221;15&#8243;][\/vc_column][vc_column width=&#8221;2\/3&#8243;][vc_column_text]Dr. SERKAN KAYA PERSONAL INFORMATION Email: serkan.kaya@bogazici.edu.tr Adress: Faculty of Law, Bo\u011fazi\u00e7i University, 34342 Bebek \/ISTANBUL EDUCATION INFORMATION PhD, Brunel University London, Law School, England 2015-2019 LLM, Brunel University London, Law School, England 2013-2014 LLB, Akdeniz University, Turkey 2007-2011 [\/vc_column_text][vc_empty_space height=&#8221;15&#8243;][\/vc_column][vc_column][vc_empty_space][vc_column_text]PUBLICATIONS \u00a0 Articles: \u201cThe elephant in the room: A global [&hellip;]<\/p>\n","protected":false},"author":1,"featured_media":0,"parent":0,"menu_order":0,"comment_status":"closed","ping_status":"closed","template":"","meta":{"footnotes":""},"class_list":["post-1154","page","type-page","status-publish","hentry"],"_links":{"self":[{"href":"https:\/\/dijitalmedeniusul.com\/en\/wp-json\/wp\/v2\/pages\/1154","targetHints":{"allow":["GET"]}}],"collection":[{"href":"https:\/\/dijitalmedeniusul.com\/en\/wp-json\/wp\/v2\/pages"}],"about":[{"href":"https:\/\/dijitalmedeniusul.com\/en\/wp-json\/wp\/v2\/types\/page"}],"author":[{"embeddable":true,"href":"https:\/\/dijitalmedeniusul.com\/en\/wp-json\/wp\/v2\/users\/1"}],"replies":[{"embeddable":true,"href":"https:\/\/dijitalmedeniusul.com\/en\/wp-json\/wp\/v2\/comments?post=1154"}],"version-history":[{"count":10,"href":"https:\/\/dijitalmedeniusul.com\/en\/wp-json\/wp\/v2\/pages\/1154\/revisions"}],"predecessor-version":[{"id":1157,"href":"https:\/\/dijitalmedeniusul.com\/en\/wp-json\/wp\/v2\/pages\/1154\/revisions\/1157"}],"wp:attachment":[{"href":"https:\/\/dijitalmedeniusul.com\/en\/wp-json\/wp\/v2\/media?parent=1154"}],"curies":[{"name":"wp","href":"https:\/\/api.w.org\/{rel}","templated":true}]}}