{"id":1207,"date":"2024-11-17T17:52:29","date_gmt":"2024-11-17T17:52:29","guid":{"rendered":"https:\/\/dijitalmedeniusul.com\/?page_id=1207"},"modified":"2024-11-18T20:24:11","modified_gmt":"2024-11-18T20:24:11","slug":"ogr-gor-mine-ercevahir","status":"publish","type":"page","link":"https:\/\/dijitalmedeniusul.com\/en\/ogr-gor-mine-ercevahir\/","title":{"rendered":"\u00d6\u011fr. G\u00f6r. Mine ERCEVAH\u0130R"},"content":{"rendered":"<div class=\"wpb-content-wrapper\"><p>[vc_row][vc_column width=&#8221;1\/2&#8243;][vc_single_image image=&#8221;1202&#8243; img_size=&#8221;full&#8221; alignment=&#8221;center&#8221;][vc_empty_space height=&#8221;20&#8243;][\/vc_column][vc_column width=&#8221;1\/2&#8243;][vc_column_text]<strong><span style=\"color: #000000;\">\u00d6\u011fr. G\u00f6r. Mine ERCEVAH\u0130R<\/span><\/strong><\/p>\n<p><span style=\"color: #000000;\">22.07.1997 &#8211; Bal\u0131kesir<\/span><\/p>\n<p><span style=\"color: #000000;\">\u00d6\u011fretim G\u00f6revlisi<\/span><\/p>\n<p><span style=\"color: #000000;\">Mill\u00ee Savunma \u00dcniversitesi Hava Astsubay Meslek Y\u00fcksekokulu<\/span><\/p>\n<p><span style=\"color: #000000;\">Be\u015fer\u00ee ve Sosyal Bilimler Anabilim Dal\u0131<\/span><\/p>\n<p><span style=\"color: #000000;\">Hava Astsubay Meslek Y\u00fcksek Okul Komutanl\u0131\u011f\u0131, Gaziemir \/ \u0130ZM\u0130R\u00a0<\/span><\/p>\n<p><span style=\"color: #000000;\">0 232 251 16 00(Santral)\u00a0<\/span><\/p>\n<p><span style=\"color: #000000;\"><a style=\"color: #000000;\" href=\"mailto:nesibe.kurt@ankaramedipol.edu.tr\">mine.ercevahir@gmail.com<\/a><\/span>[\/vc_column_text][vc_empty_space height=&#8221;20&#8243;][\/vc_column][vc_column][vc_column_text]<span style=\"color: #000000;\"><strong>\u00d6\u011frenim Durumu <\/strong><\/span><\/p>\n<p><span style=\"color: #000000;\">Doktora\u00a0\u00a0\u00a0\u00a0\u00a0\u00a0\u00a0\u00a0\u00a0\u00a0\u00a0\u00a0\u00a0\u00a0\u00a0\u00a0\u00a0\u00a0\u00a0\u00a0\u00a0 (2024-h\u00e2len) Bursa Uluda\u011f \u00dcniversitesi \u2013 Sosyal Bilimler Enstit\u00fcs\u00fc \/ \u00d6zel Hukuk<\/span><\/p>\n<p><span style=\"color: #000000;\">Y\u00fcksek Lisans\u00a0\u00a0\u00a0\u00a0\u00a0\u00a0\u00a0\u00a0\u00a0\u00a0\u00a0 (2020-2023) Bursa Uluda\u011f \u00dcniversitesi \u2013 Sosyal Bilimler Enstit\u00fcs\u00fc \/ \u00d6zel Hukuk<\/span><\/p>\n<p><span style=\"color: #000000;\">Lisans\u00a0\u00a0\u00a0\u00a0\u00a0\u00a0\u00a0\u00a0\u00a0\u00a0\u00a0\u00a0\u00a0\u00a0\u00a0\u00a0\u00a0\u00a0\u00a0\u00a0\u00a0\u00a0\u00a0\u00a0 (2016-2020) Uluda\u011f \u00dcniversitesi Hukuk Fak\u00fcltesi<\/span><\/p>\n<p><span style=\"color: #000000;\">Lise\u00a0\u00a0\u00a0\u00a0\u00a0\u00a0\u00a0\u00a0\u00a0\u00a0\u00a0\u00a0\u00a0\u00a0\u00a0\u00a0\u00a0\u00a0\u00a0\u00a0\u00a0\u00a0\u00a0\u00a0\u00a0\u00a0\u00a0\u00a0 (2011-2015) \u0130zmir K\u0131z Lisesi<\/span><\/p>\n<p>&nbsp;<\/p>\n<p><span style=\"color: #000000;\"><strong>\u0130\u015f Tecr\u00fcbesi<\/strong><\/span><\/p>\n<p><span style=\"color: #000000;\"><strong>\u00a0<\/strong><\/span><\/p>\n<p><span style=\"color: #000000;\">\u00d6\u011fretim G\u00f6revlisi\u00a0\u00a0\u00a0\u00a0\u00a0\u00a0 (Eyl\u00fcl 2024-h\u00e2len) Mill\u00ee Savunma \u00dcniversitesi Hava Astsubay Meslek Y\u00fcksekokulu<\/span><\/p>\n<p><span style=\"color: #000000;\"><strong>\u00a0<\/strong><\/span><\/p>\n<p><span style=\"color: #000000;\"><strong>Yabanc\u0131 Dil Bilgisi<\/strong><\/span><\/p>\n<p><span style=\"color: #000000;\"><strong>\u00a0<\/strong><\/span><\/p>\n<p><span style=\"color: #000000;\">\u0130ngilizce\u00a0\u00a0\u00a0\u00a0\u00a0\u00a0\u00a0\u00a0\u00a0 \u00a0\u00a0\u00a0\u00a0\u00a0\u00a0\u00a0\u00a0\u00a0\u00a0\u00a0 Y\u00d6KD\u0130L, 2023, Puan: 66,25000<\/span><\/p>\n<p>&nbsp;<\/p>\n<p><span style=\"color: #000000;\"><strong>Ulusal &amp; Uluslararas\u0131 Projeler<\/strong><\/span><\/p>\n<p><span style=\"color: #000000;\"><strong>\u00a0<\/strong><\/span><\/p>\n<ol>\n<li><span style=\"color: #000000;\">Yarg\u0131da Dijitalle\u015fmenin Medeni Yarg\u0131lamaya Egemen Olan \u0130lkelere Etkisinin Ara\u015ft\u0131r\u0131lmas\u0131 (224K031), T\u00dcB\u0130TAK 1001 Projesi (Bursiyer)<\/span><\/li>\n<\/ol>\n<p><span style=\"color: #000000;\"><em>\u00a0<\/em><\/span><\/p>\n<p><span style=\"color: #000000;\"><em>\u00a0<\/em><\/span><\/p>\n<p><span style=\"color: #000000;\"><strong>Yay\u0131nlar<\/strong><\/span><\/p>\n<p><span style=\"color: #000000;\"><strong>\u00a0<\/strong><\/span><\/p>\n<p><span style=\"color: #000000;\"><strong>Kitap\/Kitap B\u00f6l\u00fcm\u00fc<\/strong><\/span><\/p>\n<p><span style=\"color: #000000;\"><strong>\u00a0<\/strong><\/span><\/p>\n<ol>\n<li><span style=\"color: #000000;\">Ercevahir Mine, <em>Meden\u00ee Us\u00fbl Hukukunda Us\u00fbl\u00ee M\u00fcktesep Hak<\/em> (Ankara: 1. Bask\u0131, Yetkin Yay\u0131nlar\u0131, 2023). [ISBN NO: 978-605-05-1776-7]<\/span><\/li>\n<li><span style=\"color: #000000;\">Ercevahir Mine, \u201cMilletleraras\u0131 Ticar\u00ee Tahkimde Tahkim Anla\u015fmas\u0131n\u0131n T\u00fcrk Hukuku Bak\u0131m\u0131ndan Ge\u00e7erlili\u011fi ve \u0130cras\u0131\u201d, <em> Dr. R\u0131za Ayhan\u2019a Arma\u011fan Cilt II<\/em>, Edit\u00f6rler Mehmet \u00d6zdamar, Hayrettin \u00c7a\u011flar, Yetkin Yay\u0131nlar\u0131, Ankara (2022): 1913-1933. (kitap b\u00f6l\u00fcm\u00fc) [ISBN NO: 978-605-05-1206-9]<\/span><\/li>\n<\/ol>\n<p><span style=\"color: #000000;\"><strong>Makaleler<\/strong><\/span><\/p>\n<ol>\n<li><span style=\"color: #000000;\">Ercevahir Mine, \u201cT\u00fcrk Hukukunda Konkordatonun Feshi\u201d, <em>Y\u0131ld\u0131r\u0131m Beyaz\u0131t Hukuk Dergisi<\/em>, Y\u0131l 8, Say\u0131 2023\/1 (2023): 243-283.<\/span><\/li>\n<li><span style=\"color: #000000;\">Ercevahir Mine, \u201cBedensel Zarar H\u00e2llerinde \u00d6denecek Tazminat\u0131n Belirlenmesinde \u00d6zel Bir \u0130ndirim Sebebi: Zarar Verenin Mali Durumunun K\u00f6t\u00fcle\u015fmesi ve Hakkaniyet \u0130ndirimi\u201d, <em>\u0130n\u00f6n\u00fc \u00dcniversitesi Hukuk Fak\u00fcltesi Dergisi<\/em>, Cilt 13, Say\u0131 1 (2022): 206-220.<\/span><\/li>\n<li><span style=\"color: #000000;\">Ercevahir Mine, \u201c\u00d6zel Hastaneye Kabul S\u00f6zle\u015fmesi\u201d, <em>\u0130stanbul Medeniyet \u00dcniversitesi Hukuk Fak\u00fcltesi Dergisi<\/em>, Cilt 7, Say\u0131 13 (2022): 449-490.<\/span><\/li>\n<li><span style=\"color: #000000;\">Ercevahir Mine, \u201c\u0130stinaf Yeni Bir Temyiz Mahkemesi Midir?\u201d, <em>Erzincan Binali Y\u0131ld\u0131r\u0131m \u00dcniversitesi Hukuk Fak\u00fcltesi Dergisi<\/em>, Cilt 26, Say\u0131 1 (2022): 367-412.<\/span><\/li>\n<li><span style=\"color: #000000;\">Ercevahir Mine, \u201cMeslek Hastal\u0131\u011f\u0131 Kavram\u0131\u201d, <em>Bursa Barosu Dergisi<\/em>, Y\u0131l 47, Say\u0131 121 (2022): 75-84. [HAKEMS\u0130Z]<\/span><\/li>\n<li><span style=\"color: #000000;\">Ercevahir Mine, \u201cTTK m. 1426 Kapsam\u0131nda Sigortac\u0131n\u0131n Giderleri \u00d6deme Borcu\u201d, <em>Bursa Barosu Dergisi<\/em>, Y\u0131l 47, Say\u0131 119 (2022): 81-86. [HAKEMS\u0130Z]<\/span><\/li>\n<\/ol>\n<p><span style=\"color: #000000;\"><strong>\u00a0<\/strong><\/span><\/p>\n<p><span style=\"color: #000000;\"><strong>Bilimsel ve Mesleki Kurulu\u015flara \u00dcyelikler<\/strong><\/span><\/p>\n<p><span style=\"color: #000000;\">T\u00fcrkiye Barolar Birli\u011fi \u2013 Bursa Barosu \u2013 Avukat<\/span><\/p>\n<p><span style=\"color: #000000;\"><strong>Verilen Dersler<\/strong><\/span><\/p>\n<p><span style=\"color: #000000;\">Hukuka Giri\u015f ve Savunma Mevzuat\u0131<\/span><\/p>\n<p><span style=\"color: #000000;\">Ceza Hukuku ve CMK<\/span>[\/vc_column_text][vc_empty_space height=&#8221;32&#8243;][\/vc_column][\/vc_row]<\/p>\n<\/div>","protected":false},"excerpt":{"rendered":"<p>[vc_row][vc_column width=&#8221;1\/2&#8243;][vc_single_image image=&#8221;1202&#8243; img_size=&#8221;full&#8221; alignment=&#8221;center&#8221;][vc_empty_space height=&#8221;20&#8243;][\/vc_column][vc_column width=&#8221;1\/2&#8243;][vc_column_text]\u00d6\u011fr. G\u00f6r. Mine ERCEVAH\u0130R 22.07.1997 &#8211; Bal\u0131kesir \u00d6\u011fretim G\u00f6revlisi Mill\u00ee Savunma \u00dcniversitesi Hava Astsubay Meslek Y\u00fcksekokulu Be\u015fer\u00ee ve Sosyal Bilimler Anabilim Dal\u0131 Hava Astsubay Meslek Y\u00fcksek Okul Komutanl\u0131\u011f\u0131, Gaziemir \/ \u0130ZM\u0130R\u00a0 0 232 251 16 00(Santral)\u00a0 mine.ercevahir@gmail.com[\/vc_column_text][vc_empty_space height=&#8221;20&#8243;][\/vc_column][vc_column][vc_column_text]\u00d6\u011frenim Durumu Doktora\u00a0\u00a0\u00a0\u00a0\u00a0\u00a0\u00a0\u00a0\u00a0\u00a0\u00a0\u00a0\u00a0\u00a0\u00a0\u00a0\u00a0\u00a0\u00a0\u00a0\u00a0 (2024-h\u00e2len) Bursa Uluda\u011f \u00dcniversitesi \u2013 Sosyal Bilimler Enstit\u00fcs\u00fc \/ [&hellip;]<\/p>\n","protected":false},"author":1,"featured_media":0,"parent":0,"menu_order":0,"comment_status":"closed","ping_status":"closed","template":"","meta":{"footnotes":""},"class_list":["post-1207","page","type-page","status-publish","hentry"],"_links":{"self":[{"href":"https:\/\/dijitalmedeniusul.com\/en\/wp-json\/wp\/v2\/pages\/1207","targetHints":{"allow":["GET"]}}],"collection":[{"href":"https:\/\/dijitalmedeniusul.com\/en\/wp-json\/wp\/v2\/pages"}],"about":[{"href":"https:\/\/dijitalmedeniusul.com\/en\/wp-json\/wp\/v2\/types\/page"}],"author":[{"embeddable":true,"href":"https:\/\/dijitalmedeniusul.com\/en\/wp-json\/wp\/v2\/users\/1"}],"replies":[{"embeddable":true,"href":"https:\/\/dijitalmedeniusul.com\/en\/wp-json\/wp\/v2\/comments?post=1207"}],"version-history":[{"count":5,"href":"https:\/\/dijitalmedeniusul.com\/en\/wp-json\/wp\/v2\/pages\/1207\/revisions"}],"predecessor-version":[{"id":1272,"href":"https:\/\/dijitalmedeniusul.com\/en\/wp-json\/wp\/v2\/pages\/1207\/revisions\/1272"}],"wp:attachment":[{"href":"https:\/\/dijitalmedeniusul.com\/en\/wp-json\/wp\/v2\/media?parent=1207"}],"curies":[{"name":"wp","href":"https:\/\/api.w.org\/{rel}","templated":true}]}}