{"id":1208,"date":"2024-11-17T17:55:53","date_gmt":"2024-11-17T17:55:53","guid":{"rendered":"https:\/\/dijitalmedeniusul.com\/?page_id=1208"},"modified":"2024-11-17T17:56:42","modified_gmt":"2024-11-17T17:56:42","slug":"ars-gor-ceren-eltas","status":"publish","type":"page","link":"https:\/\/dijitalmedeniusul.com\/en\/ars-gor-ceren-eltas\/","title":{"rendered":"Ar\u015f. G\u00f6r. Ceren ELTAS"},"content":{"rendered":"<div class=\"wpb-content-wrapper\"><p>[vc_row][vc_column width=&#8221;1\/2&#8243;][vc_single_image image=&#8221;1198&#8243; img_size=&#8221;full&#8221; alignment=&#8221;center&#8221;][vc_empty_space height=&#8221;10&#8243;][vc_empty_space height=&#8221;10&#8243;][\/vc_column][vc_column width=&#8221;1\/2&#8243;][vc_column_text]<span style=\"color: #000000;\"><strong>Ara\u015f. G\u00f6r. Ceren ELTAS<\/strong><\/span><\/p>\n<p><span style=\"color: #000000;\">04.10.1997 &#8211; Erzurum<\/span><\/p>\n<p><span style=\"color: #000000;\">Ankara Hac\u0131 Bayram Veli \u00dcniversitesi Hukuk Fak\u00fcltesi<\/span><\/p>\n<p><span style=\"color: #000000;\">Meden\u00ee Us\u00fbl ve \u0130cra-\u0130fl\u00e2s Hukuku Anabilim Dal\u0131<\/span><\/p>\n<p><span style=\"color: #000000;\">Bah\u00e7elievler Mah. 45. Sokak 1\/6 \u00c7ankaya, Ankara<\/span><\/p>\n<p><span style=\"color: #000000;\">0554 132 25 07<\/span><\/p>\n<p><span style=\"color: #000000;\">ceren.tilkidogen@hbv.edu.tr<\/span>[\/vc_column_text][vc_empty_space height=&#8221;10&#8243;][vc_empty_space height=&#8221;10&#8243;][\/vc_column][vc_column][vc_empty_space height=&#8221;10&#8243;][vc_column_text]<span style=\"color: #000000;\"><strong>\u00d6\u011frenim Durumu <\/strong><\/span><\/p>\n<p><span style=\"color: #000000;\">Doktora\u00a0\u00a0\u00a0\u00a0\u00a0\u00a0\u00a0\u00a0\u00a0\u00a0\u00a0\u00a0\u00a0\u00a0\u00a0\u00a0\u00a0\u00a0\u00a0\u00a0\u00a0 (2023 &#8211; Devam Ediyor) Ankara Hac\u0131 Bayram Veli \u00dcniversitesi Lisans\u00fcst\u00fc E\u011fitim Enstit\u00fcs\u00fc \/ \u00d6zel Hukuk (DR)\u00a0\u00a0\u00a0\u00a0\u00a0\u00a0\u00a0\u00a0\u00a0\u00a0\u00a0\u00a0\u00a0\u00a0\u00a0\u00a0\u00a0\u00a0\u00a0\u00a0\u00a0\u00a0\u00a0<\/span><\/p>\n<p><span style=\"color: #000000;\">Y\u00fcksek Lisans\u00a0\u00a0\u00a0\u00a0\u00a0\u00a0\u00a0\u00a0\u00a0\u00a0\u00a0 (2020 &#8211; 2023) Ankara Hac\u0131 Bayram Veli \u00dcniversitesi Lisans\u00fcst\u00fc E\u011fitim Enstit\u00fcs\u00fc \/ Meden\u00ee Us\u00fbl ve \u0130cra \u0130fl\u00e2s Hukuku (Tezli Y\u00fcksek Lisans<\/span><\/p>\n<p><span style=\"color: #000000;\">Lisans\u00a0\u00a0\u00a0\u00a0\u00a0\u00a0\u00a0\u00a0\u00a0\u00a0\u00a0\u00a0\u00a0\u00a0\u00a0\u00a0\u00a0\u00a0\u00a0\u00a0\u00a0\u00a0\u00a0\u00a0 (2015 &#8211; 2019) Marmara \u00dcniversitesi Hukuk Fak\u00fcltesi<\/span><\/p>\n<p><span style=\"color: #000000;\">Lise\u00a0\u00a0\u00a0\u00a0\u00a0\u00a0\u00a0\u00a0\u00a0\u00a0\u00a0\u00a0\u00a0\u00a0\u00a0\u00a0\u00a0\u00a0\u00a0\u00a0\u00a0\u00a0\u00a0\u00a0\u00a0\u00a0\u00a0\u00a0 (2011 &#8211; 2015) Erzurum Nevzat Karaba\u011f Anadolu \u00d6\u011fretmen Lisesi<\/span><\/p>\n<p>&nbsp;<\/p>\n<p><span style=\"color: #000000;\"><strong>\u0130\u015f Tecr\u00fcbesi<\/strong><\/span><\/p>\n<p><span style=\"color: #000000;\">Ara\u015ft\u0131rma G\u00f6revlisi\u00a0 2023 &#8211; Devam Ediyor Ankara Hac\u0131 Bayram Veli \u00dcniversitesi Hukuk Fak\u00fcltesi \u2013 Meden\u00ee Us\u00fbl ve \u0130cra-\u0130fl\u00e2s Hukuku Anabilim Dal\u0131<\/span><\/p>\n<p><span style=\"color: #000000;\">Ara\u015ft\u0131rma G\u00f6revlisi\u00a0\u00a0\u00a0 2022-2023 Erzincan Binali Y\u0131ld\u0131r\u0131m \u00dcniversitesi Hukuk Fak\u00fcltesi &#8211; Meden\u00ee Us\u00fbl ve \u0130cra-\u0130fl\u00e2s Hukuku Anabilim Dal\u0131<\/span><\/p>\n<p><span style=\"color: #000000;\"><strong>\u00a0<\/strong><\/span><\/p>\n<p><span style=\"color: #000000;\"><strong>Yabanc\u0131 Dil Bilgisi<\/strong><\/span><\/p>\n<p><span style=\"color: #000000;\">\u0130ngilizce\u00a0\u00a0\u00a0\u00a0\u00a0\u00a0\u00a0\u00a0\u00a0 \u00a0\u00a0\u00a0\u00a0\u00a0\u00a0\u00a0\u00a0\u00a0\u00a0\u00a0 Intermediate<\/span><\/p>\n<p><span style=\"color: #000000;\">\u00a0\u00a0\u00a0\u00a0\u00a0\u00a0\u00a0\u00a0\u00a0\u00a0\u00a0<\/span><\/p>\n<p><span style=\"color: #000000;\"><strong>Bilimsel ve Mesleki Kurulu\u015flara \u00dcyelikler <\/strong><\/span><\/p>\n<p><span style=\"color: #000000;\">Medeni Usul ve \u0130cra-\u0130fl\u00e2s Hukuk\u00e7ular\u0131 Birli\u011fi \u00dcyesi<\/span><\/p>\n<p>&nbsp;<\/p>\n<p><span style=\"color: #000000;\"><strong>Burslar <\/strong><\/span><\/p>\n<p><span style=\"color: #000000;\">2211\/A Yurti\u00e7i Genel Doktora Burs Program\u0131<\/span><\/p>\n<p>&nbsp;<\/p>\n<p><span style=\"color: #000000;\">15.11.2024<\/span><\/p>\n<p><span style=\"color: #000000;\">Ar. G\u00f6r. Ceren ELTAS<\/span>[\/vc_column_text][vc_empty_space height=&#8221;10&#8243;][vc_empty_space height=&#8221;10&#8243;][vc_empty_space height=&#8221;10&#8243;][\/vc_column][\/vc_row]<\/p>\n<\/div>","protected":false},"excerpt":{"rendered":"<p>[vc_row][vc_column width=&#8221;1\/2&#8243;][vc_single_image image=&#8221;1198&#8243; img_size=&#8221;full&#8221; alignment=&#8221;center&#8221;][vc_empty_space height=&#8221;10&#8243;][vc_empty_space height=&#8221;10&#8243;][\/vc_column][vc_column width=&#8221;1\/2&#8243;][vc_column_text]Ara\u015f. G\u00f6r. Ceren ELTAS 04.10.1997 &#8211; Erzurum Ankara Hac\u0131 Bayram Veli \u00dcniversitesi Hukuk Fak\u00fcltesi Meden\u00ee Us\u00fbl ve \u0130cra-\u0130fl\u00e2s Hukuku Anabilim Dal\u0131 Bah\u00e7elievler Mah. 45. Sokak 1\/6 \u00c7ankaya, Ankara 0554 132 25 07 ceren.tilkidogen@hbv.edu.tr[\/vc_column_text][vc_empty_space height=&#8221;10&#8243;][vc_empty_space height=&#8221;10&#8243;][\/vc_column][vc_column][vc_empty_space height=&#8221;10&#8243;][vc_column_text]\u00d6\u011frenim Durumu Doktora\u00a0\u00a0\u00a0\u00a0\u00a0\u00a0\u00a0\u00a0\u00a0\u00a0\u00a0\u00a0\u00a0\u00a0\u00a0\u00a0\u00a0\u00a0\u00a0\u00a0\u00a0 (2023 &#8211; Devam Ediyor) Ankara Hac\u0131 Bayram Veli \u00dcniversitesi Lisans\u00fcst\u00fc [&hellip;]<\/p>\n","protected":false},"author":1,"featured_media":0,"parent":0,"menu_order":0,"comment_status":"closed","ping_status":"closed","template":"","meta":{"footnotes":""},"class_list":["post-1208","page","type-page","status-publish","hentry"],"_links":{"self":[{"href":"https:\/\/dijitalmedeniusul.com\/en\/wp-json\/wp\/v2\/pages\/1208","targetHints":{"allow":["GET"]}}],"collection":[{"href":"https:\/\/dijitalmedeniusul.com\/en\/wp-json\/wp\/v2\/pages"}],"about":[{"href":"https:\/\/dijitalmedeniusul.com\/en\/wp-json\/wp\/v2\/types\/page"}],"author":[{"embeddable":true,"href":"https:\/\/dijitalmedeniusul.com\/en\/wp-json\/wp\/v2\/users\/1"}],"replies":[{"embeddable":true,"href":"https:\/\/dijitalmedeniusul.com\/en\/wp-json\/wp\/v2\/comments?post=1208"}],"version-history":[{"count":2,"href":"https:\/\/dijitalmedeniusul.com\/en\/wp-json\/wp\/v2\/pages\/1208\/revisions"}],"predecessor-version":[{"id":1213,"href":"https:\/\/dijitalmedeniusul.com\/en\/wp-json\/wp\/v2\/pages\/1208\/revisions\/1213"}],"wp:attachment":[{"href":"https:\/\/dijitalmedeniusul.com\/en\/wp-json\/wp\/v2\/media?parent=1208"}],"curies":[{"name":"wp","href":"https:\/\/api.w.org\/{rel}","templated":true}]}}