{"id":1230,"date":"2024-11-17T19:22:07","date_gmt":"2024-11-17T19:22:07","guid":{"rendered":"https:\/\/dijitalmedeniusul.com\/?page_id=1230"},"modified":"2024-11-18T18:30:08","modified_gmt":"2024-11-18T18:30:08","slug":"dr-ogr-uyesi-seyhan-selcuk","status":"publish","type":"page","link":"https:\/\/dijitalmedeniusul.com\/en\/dr-ogr-uyesi-seyhan-selcuk\/","title":{"rendered":"Dr. \u00d6\u011fr. \u00dcyesi Seyhan SEL\u00c7UK"},"content":{"rendered":"<div class=\"wpb-content-wrapper\"><p>[vc_row][vc_column width=&#8221;1\/2&#8243;][vc_single_image image=&#8221;1200&#8243; img_size=&#8221;full&#8221; alignment=&#8221;center&#8221;][vc_empty_space height=&#8221;15&#8243;][\/vc_column][vc_column width=&#8221;1\/2&#8243;][vc_column_text]<\/p>\n<div><strong><span style=\"color: #000000;\">Dr. \u00d6\u011fr. \u00dcyesi Seyhan SEL\u00c7UK<\/span><\/strong><\/div>\n<div><\/div>\n<div><span style=\"color: #000000;\">Eski\u015fehir Osmangazi \u00dcniversitesi Hukuk Fak\u00fcltesi<\/span><\/div>\n<div><span style=\"color: #000000;\">Meden\u00ee Us\u00fbl ve \u0130cra-\u0130flas Hukuku Anabilim Dal\u0131<\/span><\/div>\n<div><\/div>\n<div><span style=\"color: #000000;\">\u00a0Me\u015felik Kamp\u00fcs\u00fc\u00a0<\/span><\/div>\n<div><span style=\"color: #000000;\">B\u00fcy\u00fckdere Mah.Prof. Dr. Nabi AVCI Bulvar\u0131 No:4<\/span><\/div>\n<div><span style=\"color: #000000;\">26040 Odunpazar\u0131 &#8211; ESK\u0130\u015eEH\u0130R\u00a0<\/span><\/div>\n<div><span style=\"color: #000000;\">0541 431 4535<\/span><\/div>\n<div><span style=\"color: #000000;\">seyhan.selcuk@ogu.edu.tr<\/span><\/div>\n<div><span style=\"color: #000000;\">selcukseyhan07@gmail.com<\/span><\/div>\n<p>[\/vc_column_text][vc_empty_space height=&#8221;15&#8243;][\/vc_column][vc_column][vc_column_text]<\/p>\n<div><strong><span style=\"color: #000000;\">\u00d6\u011frenim Durumu\u00a0<\/span><\/strong><\/div>\n<div><\/div>\n<div><span style=\"color: #000000;\">Doktora(2010-2017) Ankara \u00dcniversitesi Sosyal Bilimler Enstit\u00fcs\u00fc\/Medeni Usul ve \u0130cra \u0130flas Hukuku<\/span><\/div>\n<div><span style=\"color: #000000;\">Y\u00fcksek Lisans (2007-2010) Do\u011fu Akdeniz \u00dcniversitesi Y\u00fcksek Lisans Enstit\u00fcs\u00fc\/\u00d6zel Hukuk\/Medeni Usul ve \u0130cra \u0130flas Hukuku<\/span><\/div>\n<div><span style=\"color: #000000;\">Lisans (2002-2007) Do\u011fu Akdeniz \u00dcniversitesi Hukuk Fak\u00fcltesi<\/span><\/div>\n<div><\/div>\n<div><strong><span style=\"color: #000000;\">\u0130\u015f Tecr\u00fcbesi\u00a0<\/span><\/strong><\/div>\n<div><\/div>\n<div><span style=\"color: #000000;\">Dr. \u00d6\u011fretim \u00dcyesi 2022- \u2026 Eski\u015fehir Osmangazi \u00dcniversitesi Hukuk Fak\u00fcltesi<\/span><\/div>\n<div><span style=\"color: #000000;\">2019-2022 Antalya Bilim \u00dcniversitesi Hukuk Fak\u00fcltesi<\/span><\/div>\n<div><span style=\"color: #000000;\">Ara\u015ft\u0131rma G\u00f6revlisi 2007-2015 Do\u011fu Akdeniz \u00dcniversitesi Hukuk Fak\u00fcltesi<\/span><\/div>\n<div><\/div>\n<div><strong><span style=\"color: #000000;\">Yabanc\u0131 Dil Bilgisi<\/span><\/strong><\/div>\n<div><span style=\"color: #000000;\">\u0130ngilizce Y\u00d6KD\u0130L, 2019 (Bahar), Puan: 91.25<\/span><\/div>\n<div><\/div>\n<div><strong><span style=\"color: #000000;\">Ulusal &amp; Uluslararas\u0131 Projeler<\/span><\/strong><\/div>\n<div><span style=\"color: #000000;\">1. Yarg\u0131da Dijitalle\u015fmenin Medeni Yarg\u0131lamaya Egemen Olan \u0130lkelere Etkisinin Ara\u015ft\u0131r\u0131lmas\u0131 (224K031), T\u00dcB\u0130TAK 1001 Projesi (Ara\u015ft\u0131rmac\u0131)<\/span><\/div>\n<div><\/div>\n<div><strong><span style=\"color: #000000;\">Yay\u0131nlar<\/span><\/strong><\/div>\n<div><strong><span style=\"color: #000000;\">Kitap\/Kitap B\u00f6l\u00fcm\u00fc<\/span><\/strong><\/div>\n<div><span style=\"color: #000000;\">1. Kurt Konca, Nesibe \/ Sel\u00e7uk, Seyhan, Ge\u00e7ici M\u00fchletten Sonra Konkordato Komiserinin \u0130zniyle Akdedilen S\u00f6zle\u015fmelerden Kaynaklanan Bor\u00e7lar\u0131n Hukuki Durumu, Prof. Dr. Sel\u00e7uk \u00d6ztek&#8217;e Arma\u011fan, 2022, 9789753687799.<\/span><\/div>\n<div><span style=\"color: #000000;\">2. Hukuk Muhakemeleri Kanunu\u2019na G\u00f6re Hakem Kararlar\u0131n\u0131n \u0130ptali (2018)., SEL\u00c7UK SEYHAN, Yetkin, Edit\u00f6r:-, Bas\u0131m say\u0131s\u0131:1, Sayfa Say\u0131s\u0131 406, ISBN:: 978-605-05-0293-0.<\/span><\/div>\n<div><span style=\"color: #000000;\">3. Medeni Usul Hukukunda Dava Vekaletnameleri (2011), SEL\u00c7UK SEYHAN, Adalet Yay\u0131nevi, Edit\u00f6r:-, Bas\u0131m say\u0131s\u0131:1, Sayfa Say\u0131s\u0131 220, ISBN:978-605-5412-63-0.\u00a0<\/span><\/div>\n<div><span style=\"color: #000000;\">4. Bir Yarg\u0131tay Karar\u0131 I\u015f\u0131\u011f\u0131nda \u0130krar ve \u0130krar\u0131n B\u00f6l\u00fcn\u00fcp B\u00f6l\u00fcnemeyece\u011fi Meselesi (2009), Haluk Konuralp An\u0131s\u0131na Arma\u011fan, , Edit\u00f6r, yetkin Yay\u0131nlar\u0131, Ankara, ss.957-977.<\/span><\/div>\n<div><\/div>\n<div><strong><span style=\"color: #000000;\">Makaleler:<\/span><\/strong><\/div>\n<div><\/div>\n<div><span style=\"color: #000000;\">1. Sel\u00e7uk, Seyhan (2024). NFT\u2019le\u015ftirilmi\u015f Eserlerden Kaynaklanan Mali Hak \u0130hlallerine \u0130li\u015fkin Uyu\u015fmazl\u0131klarda Fikri Ve S\u0131nai Haklar Hukuk Mahkemesi mi G\u00f6revlidir? Sel\u00e7uk \u00dcniversitesi Hukuk Fak\u00fcltesi Dergisi, 32 (2), 1157-1200.<\/span><\/div>\n<div><span style=\"color: #000000;\">https:\/\/dergipark.org.tr\/tr\/download\/article-file\/3916157\u00a0\u00a0<\/span><\/div>\n<div><span style=\"color: #000000;\">2. Sel\u00e7uk, Seyhan (2024). \u00c7ocuk Teslimi ve \u00c7ocukla Ki\u015fisel \u0130li\u015fki Kurulmas\u0131na \u0130li\u015fkin \u0130lam ve Tedbir Kararlar\u0131n\u0131n Yerine Getirilmesine Muhalefet. Ankara \u00dcniversitesi Hukuk Fak\u00fcltesi Dergisi, S. 1, 309-354.\u00a0<\/span><\/div>\n<div><span style=\"color: #000000;\">https:\/\/dergipark.org.tr\/tr\/download\/article-file\/3617948\u00a0<\/span><\/div>\n<div><span style=\"color: #000000;\">3. Sel\u00e7uk, Seyhan (2023).\u00a0 \u0130cra ve \u0130flas Kanunu&#8217;nun 79\/a Maddesi Uyar\u0131nca Konutta Haciz.\u00a0 \u0130n\u00f6n\u00fc \u00dcniversitesi Hukuk Fak\u00fcltesi Dergisi, 14(2), 412-424.<\/span><\/div>\n<div><span style=\"color: #000000;\">https:\/\/dergipark.org.tr\/tr\/download\/article-file\/3124467\u00a0<\/span><\/div>\n<div><span style=\"color: #000000;\">4. Konca, Nesibe Kurt, ve Seyhan Sel\u00e7uk. (2023). \u201cKripto Varl\u0131k Alacaklar\u0131na \u0130li\u015fkin Davalarda G\u00f6revli Mahkeme.\u201d T\u00fcrkiye Barolar Birli\u011fi Dergisi S.166, s. 61-100. http:\/\/tbbdergisi.barobirlik.org.tr\/m2023-166-2118\u00a0<\/span><\/div>\n<div><span style=\"color: #000000;\">5. Kurt Konca, Nesibe, Sel\u00e7uk Seyhan, (2022) Ge\u00e7ici M\u00fchletten Sonra Konkordato Komiserinin \u0130zniyle Akdedilen S\u00f6zle\u015fmelerden Kaynaklanan Bor\u00e7lar\u0131n Hukuki Durumu, Prof. Dr. Sel\u00e7uk \u00d6ztek&#8217;e Arma\u011fan.<\/span><\/div>\n<div><span style=\"color: #000000;\">6. Kurt Konca, Nesibe, Sel\u00e7uk Seyhan (2021).\u00a0 Adi Konkordatoda Rehinli Mal\u0131n Sat\u0131\u015f Yasa\u011f\u0131 ve \u0130stisnalar\u0131.\u00a0 Uyu\u015fmazl\u0131k Mahkemesi Dergisi, 9(18), 145-189.<\/span><\/div>\n<div><span style=\"color: #000000;\">https:\/\/dergipark.org.tr\/tr\/download\/article-file\/2137679\u00a0<\/span><\/div>\n<div><span style=\"color: #000000;\">7. Sel\u00e7uk, Seyhan (2020).\u00a0 T\u00fcketici Uyu\u015fmazl\u0131klar\u0131nda Arabuluculuk Dava \u015eart\u0131.\u00a0 Antalya Bilim \u00dcniversitesi Hukuk Fak\u00fcltesi Dergisi, 8 (16), 1173-1213.<\/span><\/div>\n<div><span style=\"color: #000000;\">8. Sel\u00e7uk, Seyhan (2020). \u0130ngiliz Hukukunda Uzman Delili. Antalya Bilim \u00dcniversitesi Hukuk Fak\u00fcltesi Dergisi 7 (15), 105-137.\u00a0<\/span><\/div>\n<div><span style=\"color: #000000;\">9. Sel\u00e7uk, Seyhan (2019). Hukuk Muhakemeleri Kanunu\u2019na G\u00f6re Verilen Hakem Kararlar\u0131n\u0131n \u0130cras\u0131. T\u00fcrkiye Barolar Birli\u011fi Dergisi(140), 115-140.\u00a0<\/span><\/div>\n<div><span style=\"color: #000000;\">https:\/\/tbbdergisi.barobirlik.org.tr\/Dergi\/Dergi140\/124\/\u00a0<\/span><\/div>\n<div><span style=\"color: #000000;\">10. Sel\u00e7uk, Seyhan (2018). Hakem Kararlar\u0131n\u0131n Tamamlanmas\u0131 Talep Edilmeden Ayn\u0131 Sebeple \u0130ptal Talebinde Bulunulmas\u0131nda Hukuki Menfaat. Ankara Barosu Dergisi (1), 271-295.<\/span><\/div>\n<div><span style=\"color: #000000;\">https:\/\/dergipark.org.tr\/tr\/download\/article-file\/542762\u00a0<\/span><\/div>\n<div><\/div>\n<div><strong><span style=\"color: #000000;\">Tebli\u011fler<\/span><\/strong><\/div>\n<div><span style=\"color: #000000;\">1. Sel\u00e7uk, Seyhan (2023). Konutta Haciz. T.C. \u0130stanbul Yeni Y\u00fczy\u0131l \u00dcniversitesi \u0130cra ve \u0130flas Hukukunda G\u00fcncel Geli\u015fmeler Sempozyumu, \u0130stanbul, T\u00fcrkiye.\u00a0<\/span><\/div>\n<div><span style=\"color: #000000;\">2. Sel\u00e7uk, Seyhan (2022). Adi Konkordatoda Rehinli Alacakl\u0131larla M\u00fczakere. Uluslararas\u0131 Akdeniz Hukuk Kongresi, Antalya, T\u00fcrkiye.<\/span><\/div>\n<div><span style=\"color: #000000;\">3. Sel\u00e7uk, Seyhan (2022). 7343 Say\u0131l\u0131 Kanun \u0130le Yap\u0131lan De\u011fi\u015fiklikler \u00c7er\u00e7evesinde \u0130cran\u0131n Geri B\u0131rak\u0131lmas\u0131. 8. Uluslararas\u0131 Asos Congress Hukuk Sempozyumu, Antalya, T\u00fcrkiye.<\/span><\/div>\n<div><span style=\"color: #000000;\">4. Sel\u00e7uk, Seyhan (2022). Kesin M\u00fchletin S\u00f6zle\u015fmelere Etkisinin 7327 say\u0131l\u0131 Kanunla Yap\u0131lan De\u011fi\u015fiklik \u00c7er\u00e7evesinde De\u011ferlendirilmesi. Hukukun G\u00fcncel Meseleleri Erzincan Sempozyumu, Erzincan, T\u00fcrkiye.<\/span><\/div>\n<div><span style=\"color: #000000;\">5. Sel\u00e7uk, Seyhan (2021). HMK m. 305\/A Uyar\u0131nca H\u00fckm\u00fcn Tamamlanmas\u0131. Ceren Damar \u015eenel II. Gen\u00e7 Bilim \u0130nsanlar\u0131 Sempozyumu, Ankara, T\u00fcrkiye.<\/span><\/div>\n<div><\/div>\n<div><span style=\"color: #000000;\">\u00a0<strong>Y\u00f6netilen Y\u00fcksek Lisans ve Doktora Tezleri\u00a0<\/strong><\/span><\/div>\n<div><\/div>\n<div><strong><span style=\"color: #000000;\">Y\u00fcksek Lisans<\/span><\/strong><\/div>\n<div><\/div>\n<div><span style=\"color: #000000;\">1. Ali Ku\u015f (2020) \u00d6nal\u0131m davas\u0131nda bedelde muvazaa iddias\u0131n\u0131n tan\u0131kla ispat\u0131n\u0131n \u015fartlar\u0131 ve hukuki sonu\u00e7lar\u0131, Antalya. Antalya Bilim \u00dcniversitesi Sosyal Bilimler Enstit\u00fcs\u00fc. \u00d6zel Hukuk Anabilim Dal\u0131 Y\u00fcksek Lisans Program\u0131\u00a0<\/span><\/div>\n<div><\/div>\n<div><strong><span style=\"color: #000000;\">\u0130dari G\u00f6revler\u00a0<\/span><\/strong><\/div>\n<div><\/div>\n<div><span style=\"color: #000000;\">\u2022 Antalya Bilim \u00dcniversitesi\/Hukuk Fak\u00fcltesi Muafiyet ve \u0130ntibak Komisyon Ba\u015fkanl\u0131\u011f\u0131 (2019-2022)<\/span><\/div>\n<div><span style=\"color: #000000;\">\u2022Antalya Bilim \u00dcniversitesi\/Hukuk Fak\u00fcltesi Medeni Usul ve \u0130cra-\u0130flas Hukuku Anabilim Dal\u0131 Ba\u015fkan\u0131 (2020-2022)<\/span><\/div>\n<div><\/div>\n<div><strong><span style=\"color: #000000;\">Yurtd\u0131\u015f\u0131 Deneyim\u00a0<\/span><\/strong><\/div>\n<div><span style=\"color: #000000;\">\u2022 2017 (3 Ay), Regent Language School, Oxford UK<\/span><\/div>\n<div><span style=\"color: #000000;\">\u2022 2017 (3 Hafta), Cambrige Law Studio, Cambrige, UK\u00a0<\/span><\/div>\n<div><span style=\"color: #000000;\">\u2022 2015-2016, Doktora Tez Ara\u015ft\u0131rmas\u0131, Oxford, UK.<\/span><\/div>\n<div><span style=\"color: #000000;\">\u2022 2015-2016, Regent Language School, Oxford UK\u00a0<\/span><\/div>\n<div><span style=\"color: #000000;\">\u2022 2012-2013 Kaplan Language School, Oxford UK\u00a0<\/span><\/div>\n<div><span style=\"color: #000000;\">\u2022 2008 (3 Ay), Goethe Institut, Freiburg, Germany\u00a0<\/span><\/div>\n<div><\/div>\n<div><strong><span style=\"color: #000000;\">Verilen Dersler<\/span><\/strong><\/div>\n<div><span style=\"color: #000000;\">Yarg\u0131 \u00d6rg\u00fct\u00fc ve Temel Eti\u011fi Hukuku<\/span><\/div>\n<div><span style=\"color: #000000;\">Medeni Usul Hukuku\u00a0<\/span><\/div>\n<div><span style=\"color: #000000;\">\u0130cra ve \u0130flas Hukuku<\/span><\/div>\n<div><span style=\"color: #000000;\">Tebligat Hukuku<\/span><\/div>\n<div><span style=\"color: #000000;\">Arabuluculuk Hukuku<\/span><\/div>\n<div><span style=\"color: #000000;\">Milli (\u0130\u00e7) Tahkim<\/span><\/div>\n<div><span style=\"color: #000000;\">Arabuluculuk Temel E\u011fitimi Dersleri\u00a0<\/span><\/div>\n<div><span style=\"color: #000000;\">Arabuluculuk T\u00fcketici Hukuku Uzmanl\u0131k E\u011fitimi Dersleri<\/span><\/div>\n<div><span style=\"color: #000000;\">\u0130cra ve \u0130flas Hukuku Bilgisi (MYO)<\/span><\/div>\n<div><span style=\"color: #000000;\">Medeni Usul Hukuku Bilgisi (MYO)<\/span><\/div>\n<div><\/div>\n<div><span style=\"color: #000000;\">11.11.2024<\/span><\/div>\n<div><span style=\"color: #000000;\">Dr. \u00d6\u011fr. \u00dcys. Seyhan SEL\u00c7UK<\/span><\/div>\n<p>[\/vc_column_text][vc_empty_space height=&#8221;15&#8243;][vc_empty_space height=&#8221;15&#8243;][\/vc_column][\/vc_row]<\/p>\n<\/div>","protected":false},"excerpt":{"rendered":"<p>[vc_row][vc_column width=&#8221;1\/2&#8243;][vc_single_image image=&#8221;1200&#8243; img_size=&#8221;full&#8221; alignment=&#8221;center&#8221;][vc_empty_space height=&#8221;15&#8243;][\/vc_column][vc_column width=&#8221;1\/2&#8243;][vc_column_text] Dr. \u00d6\u011fr. \u00dcyesi Seyhan SEL\u00c7UK Eski\u015fehir Osmangazi \u00dcniversitesi Hukuk Fak\u00fcltesi Meden\u00ee Us\u00fbl ve \u0130cra-\u0130flas Hukuku Anabilim Dal\u0131 \u00a0Me\u015felik Kamp\u00fcs\u00fc\u00a0 B\u00fcy\u00fckdere Mah.Prof. Dr. Nabi AVCI Bulvar\u0131 No:4 26040 Odunpazar\u0131 &#8211; ESK\u0130\u015eEH\u0130R\u00a0 0541 431 4535 seyhan.selcuk@ogu.edu.tr selcukseyhan07@gmail.com [\/vc_column_text][vc_empty_space height=&#8221;15&#8243;][\/vc_column][vc_column][vc_column_text] \u00d6\u011frenim Durumu\u00a0 Doktora(2010-2017) Ankara \u00dcniversitesi Sosyal Bilimler Enstit\u00fcs\u00fc\/Medeni Usul ve \u0130cra [&hellip;]<\/p>\n","protected":false},"author":1,"featured_media":0,"parent":0,"menu_order":0,"comment_status":"closed","ping_status":"closed","template":"","meta":{"footnotes":""},"class_list":["post-1230","page","type-page","status-publish","hentry"],"_links":{"self":[{"href":"https:\/\/dijitalmedeniusul.com\/en\/wp-json\/wp\/v2\/pages\/1230","targetHints":{"allow":["GET"]}}],"collection":[{"href":"https:\/\/dijitalmedeniusul.com\/en\/wp-json\/wp\/v2\/pages"}],"about":[{"href":"https:\/\/dijitalmedeniusul.com\/en\/wp-json\/wp\/v2\/types\/page"}],"author":[{"embeddable":true,"href":"https:\/\/dijitalmedeniusul.com\/en\/wp-json\/wp\/v2\/users\/1"}],"replies":[{"embeddable":true,"href":"https:\/\/dijitalmedeniusul.com\/en\/wp-json\/wp\/v2\/comments?post=1230"}],"version-history":[{"count":6,"href":"https:\/\/dijitalmedeniusul.com\/en\/wp-json\/wp\/v2\/pages\/1230\/revisions"}],"predecessor-version":[{"id":1262,"href":"https:\/\/dijitalmedeniusul.com\/en\/wp-json\/wp\/v2\/pages\/1230\/revisions\/1262"}],"wp:attachment":[{"href":"https:\/\/dijitalmedeniusul.com\/en\/wp-json\/wp\/v2\/media?parent=1230"}],"curies":[{"name":"wp","href":"https:\/\/api.w.org\/{rel}","templated":true}]}}