{"id":1233,"date":"2024-11-17T19:24:14","date_gmt":"2024-11-17T19:24:14","guid":{"rendered":"https:\/\/dijitalmedeniusul.com\/?page_id=1233"},"modified":"2024-11-17T19:34:06","modified_gmt":"2024-11-17T19:34:06","slug":"ars-gor-kubra-nur-kirali","status":"publish","type":"page","link":"https:\/\/dijitalmedeniusul.com\/en\/ars-gor-kubra-nur-kirali\/","title":{"rendered":"Ar\u015f. G\u00f6r. K\u00fcbra Nur KIRAL\u0130"},"content":{"rendered":"<div class=\"wpb-content-wrapper\"><p>[vc_row][vc_column width=&#8221;1\/2&#8243;][vc_single_image image=&#8221;1199&#8243; img_size=&#8221;full&#8221; alignment=&#8221;center&#8221;][vc_empty_space height=&#8221;15&#8243;][\/vc_column][vc_column width=&#8221;1\/2&#8243;][vc_column_text]<span style=\"color: #000000;\">Ar\u015f. G\u00f6r. K\u00fcbra Nur KIRAL\u0130<\/span><br \/>\n<span style=\"color: #000000;\">(Eski\u015fehir Osmangazi \u00dcniversitesi, Meden\u00ee Us\u00fbl ve \u0130cra<\/span><br \/>\n<span style=\"color: #000000;\">\u0130fl\u00e2s Hukuku ABD, Ara\u015ft\u0131rma G\u00f6revlisi)<\/span><br \/>\n<span style=\"color: #000000;\">Do\u011fum Tarihi : 26.02.1992<\/span><br \/>\n<span style=\"color: #000000;\">Cep Telefonu : 0542 395 69 92<\/span><br \/>\n<span style=\"color: #000000;\">E-postas\u0131 : kubranurkirali@gmail.com<\/span><br \/>\n<strong><span style=\"color: #000000;\">Unvan\u0131 : Ara\u015ft\u0131rma G\u00f6revlisi<\/span><\/strong>[\/vc_column_text][vc_empty_space height=&#8221;15&#8243;][\/vc_column][vc_column][vc_column_text]<span style=\"color: #000000;\"><strong>Yabanc\u0131 Diller<\/strong> : \u0130ngilizce (Y\u00d6KD\u0130L 2021\/1, 86,25)<\/span><br \/>\n<span style=\"color: #000000;\">\u00d6\u011frenim Durumu : Doktora (Tez D\u00f6nemi)<\/span><br \/>\n<strong><span style=\"color: #000000;\">Derece B\u00f6l\u00fcm\/Program \u00dcniversite Y\u0131l<\/span><\/strong><br \/>\n<span style=\"color: #000000;\">Lisans Hukuk Fak\u00fcltesi \u0130stanbul \u00dcniversitesi<\/span><br \/>\n<span style=\"color: #000000;\">(GPA:3,57)<\/span><br \/>\n<span style=\"color: #000000;\">2010-<\/span><br \/>\n<span style=\"color: #000000;\">2015<\/span><br \/>\n<span style=\"color: #000000;\">Y. Lisans \u00d6zel Hukuk Bah\u00e7e\u015fehir \u00dcniversitesi<\/span><br \/>\n<span style=\"color: #000000;\">(GPA:3,63)<\/span><br \/>\n<span style=\"color: #000000;\">2016-<\/span><br \/>\n<span style=\"color: #000000;\">2019<\/span><br \/>\n<span style=\"color: #000000;\">Doktora<\/span><br \/>\n<span style=\"color: #000000;\">\u00d6zel Hukuk \u0130stanbul \u00dcniversitesi<\/span><br \/>\n<span style=\"color: #000000;\">(GPA:3,67)<\/span><br \/>\n<span style=\"color: #000000;\">2021-<\/span><br \/>\n<span style=\"color: #000000;\">Devam<\/span><br \/>\n<span style=\"color: #000000;\">ediyor<\/span><br \/>\n<strong><span style=\"color: #000000;\">Deneyim :<\/span><\/strong><br \/>\n<span style=\"color: #000000;\">G\u00f6rev Unvan\u0131 G\u00f6rev Yeri Y\u0131l<\/span><br \/>\n<span style=\"color: #000000;\">Avukat \u0130stanbul Barosu 2015-2020<\/span><br \/>\n<span style=\"color: #000000;\">Ara\u015ft\u0131rma G\u00f6revlisi \u0130stanbul \u00dcniversitesi 09.2022-<\/span><br \/>\n<span style=\"color: #000000;\">08.2023<\/span><br \/>\n<span style=\"color: #000000;\">Ara\u015ft\u0131rma G\u00f6revlisi Eski\u015fehir Osmangazi \u00dcniversitesi 03.2022<\/span>[\/vc_column_text][vc_empty_space height=&#8221;15&#8243;][vc_empty_space height=&#8221;15&#8243;][vc_empty_space height=&#8221;15&#8243;][\/vc_column][\/vc_row]<\/p>\n<\/div>","protected":false},"excerpt":{"rendered":"<p>[vc_row][vc_column width=&#8221;1\/2&#8243;][vc_single_image image=&#8221;1199&#8243; img_size=&#8221;full&#8221; alignment=&#8221;center&#8221;][vc_empty_space height=&#8221;15&#8243;][\/vc_column][vc_column width=&#8221;1\/2&#8243;][vc_column_text]Ar\u015f. G\u00f6r. K\u00fcbra Nur KIRAL\u0130 (Eski\u015fehir Osmangazi \u00dcniversitesi, Meden\u00ee Us\u00fbl ve \u0130cra \u0130fl\u00e2s Hukuku ABD, Ara\u015ft\u0131rma G\u00f6revlisi) Do\u011fum Tarihi : 26.02.1992 Cep Telefonu : 0542 395 69 92 E-postas\u0131 : kubranurkirali@gmail.com Unvan\u0131 : Ara\u015ft\u0131rma G\u00f6revlisi[\/vc_column_text][vc_empty_space height=&#8221;15&#8243;][\/vc_column][vc_column][vc_column_text]Yabanc\u0131 Diller : \u0130ngilizce (Y\u00d6KD\u0130L 2021\/1, 86,25) \u00d6\u011frenim Durumu : Doktora (Tez D\u00f6nemi) Derece [&hellip;]<\/p>\n","protected":false},"author":1,"featured_media":0,"parent":0,"menu_order":0,"comment_status":"closed","ping_status":"closed","template":"","meta":{"footnotes":""},"class_list":["post-1233","page","type-page","status-publish","hentry"],"_links":{"self":[{"href":"https:\/\/dijitalmedeniusul.com\/en\/wp-json\/wp\/v2\/pages\/1233","targetHints":{"allow":["GET"]}}],"collection":[{"href":"https:\/\/dijitalmedeniusul.com\/en\/wp-json\/wp\/v2\/pages"}],"about":[{"href":"https:\/\/dijitalmedeniusul.com\/en\/wp-json\/wp\/v2\/types\/page"}],"author":[{"embeddable":true,"href":"https:\/\/dijitalmedeniusul.com\/en\/wp-json\/wp\/v2\/users\/1"}],"replies":[{"embeddable":true,"href":"https:\/\/dijitalmedeniusul.com\/en\/wp-json\/wp\/v2\/comments?post=1233"}],"version-history":[{"count":3,"href":"https:\/\/dijitalmedeniusul.com\/en\/wp-json\/wp\/v2\/pages\/1233\/revisions"}],"predecessor-version":[{"id":1242,"href":"https:\/\/dijitalmedeniusul.com\/en\/wp-json\/wp\/v2\/pages\/1233\/revisions\/1242"}],"wp:attachment":[{"href":"https:\/\/dijitalmedeniusul.com\/en\/wp-json\/wp\/v2\/media?parent=1233"}],"curies":[{"name":"wp","href":"https:\/\/api.w.org\/{rel}","templated":true}]}}