{"id":1238,"date":"2024-11-17T19:30:12","date_gmt":"2024-11-17T19:30:12","guid":{"rendered":"https:\/\/dijitalmedeniusul.com\/?page_id=1238"},"modified":"2024-11-18T18:29:12","modified_gmt":"2024-11-18T18:29:12","slug":"dr-ogr-uyesi-harun-muratogullari","status":"publish","type":"page","link":"https:\/\/dijitalmedeniusul.com\/en\/dr-ogr-uyesi-harun-muratogullari\/","title":{"rendered":"Dr. \u00d6\u011fr. \u00dcyesi Harun MURATO\u011eULLARI"},"content":{"rendered":"<div class=\"wpb-content-wrapper\"><p>[vc_row][vc_column width=&#8221;1\/2&#8243;][vc_single_image image=&#8221;1161&#8243; img_size=&#8221;full&#8221; alignment=&#8221;center&#8221;][vc_empty_space height=&#8221;15&#8243;][\/vc_column][vc_column width=&#8221;1\/2&#8243;][vc_column_text]<strong><span style=\"color: #000000;\">Dr. \u00d6\u011fr. \u00dcyesi Harun MURATO\u011eULLARI<\/span><\/strong><br \/>\n<span style=\"color: #000000;\">E-mail harun.muratogullari@boun.edu.tr<\/span><br \/>\n<span style=\"color: #000000;\">Orcid ID 0000-0002-5416-1921<\/span><br \/>\n<span style=\"color: #000000;\">Qualifications<\/span><br \/>\n<span style=\"color: #000000;\">Degree Year Institution<\/span><br \/>\n<span style=\"color: #000000;\">LLB 2010 Marmara University, School of Law<\/span><br \/>\n<span style=\"color: #000000;\">LLM 2012 Queen Mary University of London, Public Law<\/span><br \/>\n<span style=\"color: #000000;\">LLM 2013 Marmara University, Institute of Social Sciences, Private Law<\/span><br \/>\n<span style=\"color: #000000;\">PhD 2019 Brunel University of London<\/span>[\/vc_column_text][vc_empty_space height=&#8221;15&#8243;][\/vc_column][vc_column][vc_column_text]<strong><span style=\"color: #000000;\">Research Areas<\/span><\/strong><br \/>\n<span style=\"color: #000000;\">&#8211; State theory in common law<\/span><br \/>\n<span style=\"color: #000000;\">&#8211; Comparative constitutional law<\/span><br \/>\n<span style=\"color: #000000;\">&#8211; Electoral law\/systems<\/span><br \/>\n<span style=\"color: #000000;\">&#8211; Political and party finance<\/span><br \/>\n<span style=\"color: #000000;\">&#8211; Human rights law<\/span><br \/>\n<span style=\"color: #000000;\">&#8211; Case-law of the European Court of Human Rights<\/span><br \/>\n<strong><span style=\"color: #000000;\">Journal Articles<\/span><\/strong><br \/>\n<span style=\"color: #000000;\">Murato\u011fullar\u0131, H. 2022 The Right to Leave a Country: The EU\u2019s Legal Accountability<\/span><br \/>\n<span style=\"color: #000000;\">for the Syrian Migrants Forced to Stay in Turkey (In progress)<\/span><br \/>\n<span style=\"color: #000000;\">Murato\u011fullar\u0131, H. 2022 Se\u00e7im Harcamalar\u0131 \u0130\u00e7in \u00d6ng\u00f6r\u00fclen Yasal S\u0131n\u0131rlamalar\u0131n<\/span><br \/>\n<span style=\"color: #000000;\">Anayasall\u0131\u011f\u0131: Siyasi E\u015fitlik ve \u0130fade \u00d6zg\u00fcrl\u00fc\u011f\u00fc Aras\u0131nda (In<\/span><br \/>\n<span style=\"color: #000000;\">progress)<\/span><br \/>\n<span style=\"color: #000000;\">Murato\u011fullar\u0131, H. 2021 Se\u00e7imlerin G\u00fcvenli\u011fi Ba\u011flam\u0131nda Posta Ya Da Mektup Yoluyla<\/span><br \/>\n<span style=\"color: #000000;\">Oylaman\u0131n Kriti\u011fi, Ankara \u00dcniversitesi Hukuk Fak\u00fcltesi<\/span><br \/>\n<span style=\"color: #000000;\">Dergisi, Cilt.70, S.4, ss. 1385-1437.<\/span><br \/>\n<span style=\"color: #000000;\">Murato\u011fullar\u0131, H. 2019 Birle\u015fik Krall\u0131k Anayasas\u0131\u2019nda Y\u00fcr\u00fctmenin Prorogasyon<\/span><br \/>\n<span style=\"color: #000000;\">\u0130mtiyaz\u0131 ve Y\u00fcksek Mahkemenin 24 Eyl\u00fcl 2019 Tarihli<\/span><br \/>\n<span style=\"color: #000000;\">Cherry\/Miller Karar\u0131, Anayasa Yarg\u0131s\u0131, cilt.2, sa.36, ss.291-348.<\/span><br \/>\n<span style=\"color: #000000;\">Murato\u011fullar\u0131, H. 2015 The Minimum Core of Social and Economic Rights, Journal of<\/span><br \/>\n<span style=\"color: #000000;\">HRL, 11 (2), p. 12-41.<\/span><br \/>\n<span style=\"color: #000000;\">Murato\u011fullar\u0131, H. 2013 Aile Konutu \u00dczerinde Tesis Edilen \u0130potek, Terazi Hukuk<\/span><br \/>\n<span style=\"color: #000000;\">Dergisi, cilt.8, sa.82, ss.38-48.<\/span><br \/>\n<span style=\"color: #000000;\">Murato\u011fullar\u0131, H. 2013 FSEK Eser Sahiplerinin Manevi Haklar\u0131na Sald\u0131r\u0131 Halinde<\/span><br \/>\n<span style=\"color: #000000;\">Talep Edilebilecek Manevi Tazminat\u201d, Terazi Hukuk Dergisi,<\/span><br \/>\n<span style=\"color: #000000;\">Cilt 8, Say\u0131 80, 2013, s.52-59.<\/span><br \/>\n<span style=\"color: #000000;\">Murato\u011fullar\u0131, H. 2013 Marka Lisans\u0131 ve Patent Lisans\u0131 S\u00f6zle\u015fmelerinin Mukayesesi,<\/span><br \/>\n<span style=\"color: #000000;\">Legal Fikri ve S\u0131nai Haklar Dergisi , cilt.9, sa.33, ss.53-86.<\/span><br \/>\n<span style=\"color: #000000;\">Murato\u011fullar\u0131, H. 2012 Anapara \u0130pote\u011finin Kapsam\u0131, Terazi Hukuk Dergisi, cilt.7,<\/span><br \/>\n<span style=\"color: #000000;\">sa.66, ss.51-56.<\/span><br \/>\n<span style=\"color: #000000;\">Murato\u011fullar\u0131, H. 2011 Ta\u015fk\u0131n Yap\u0131, Terazi Hukuk Dergisi, cilt.6, sa.64, ss.25-39.<\/span><br \/>\n<span style=\"color: #000000;\">Books<\/span><br \/>\n<span style=\"color: #000000;\">Murato\u011fullar\u0131, H. 2022 (Book chapter) Reconsidering the Doctrine of Militant<\/span><br \/>\n<span style=\"color: #000000;\">Democracy (In progress, AYBU-TSUL)<\/span><br \/>\n<span style=\"color: #000000;\">Murato\u011fullar\u0131, H. 2020 The Structural Barriers in Political Party Laws and Electoral<\/span><br \/>\n<span style=\"color: #000000;\">Systems Against Minor Party Representation, Legal<\/span><br \/>\n<span style=\"color: #000000;\">Yay\u0131nlar\u0131, \u0130stanbul.<\/span><br \/>\n<strong><span style=\"color: #000000;\">Conference Papers\/Talks<\/span><\/strong><br \/>\n<span style=\"color: #000000;\">Murato\u011fullar\u0131, H. 2021 Kar\u015f\u0131la\u015ft\u0131rmal\u0131 Anayasa Yarg\u0131s\u0131nda Anayasalar\u0131n Ba\u015flang\u0131\u00e7<\/span><br \/>\n<span style=\"color: #000000;\">Metinlerinin \u00d6l\u00e7\u00fc Norm Kuvveti, Sel\u00e7uk Hukuk Kongresi<\/span><br \/>\n<span style=\"color: #000000;\">2021-II, 15-20 Aral\u0131k 2021, ss. 141-142.<\/span><br \/>\n<span style=\"color: #000000;\">Murato\u011fullar\u0131, H. 2021 Alternatif Oylama Y\u00f6ntemleri, Bilkent \u00dcniversitesi Hukuk<\/span><br \/>\n<span style=\"color: #000000;\">Fak\u00fcltesi Alumni Conferences, 14 Nisan 2021.<\/span><br \/>\n<span style=\"color: #000000;\">Murato\u011fullar\u0131, H. 2020 Legal and Practical Challenges of Postal Voting, Ankara<\/span><br \/>\n<span style=\"color: #000000;\">Y\u0131ld\u0131r\u0131m Beyaz\u0131t \u00dcniversitesi School of Law, Wednesday<\/span><br \/>\n<span style=\"color: #000000;\">Seminars, November 25, 2020.<\/span><br \/>\n<span style=\"color: #000000;\">Murato\u011fullar\u0131, H. 2018 Proportional Representation versus First Past the Post, Annual<\/span><br \/>\n<span style=\"color: #000000;\">Research Conference 2018, Politics and History, London,<\/span><br \/>\n<span style=\"color: #000000;\">April 23-24, 2018.<\/span><br \/>\n<span style=\"color: #000000;\">Murato\u011fullar\u0131, H. 2017 The Thresholds of Registration and Authorisation in Party<\/span><br \/>\n<span style=\"color: #000000;\">Laws, Annual Research Conference 2017, Politics and<\/span><br \/>\n<span style=\"color: #000000;\">History, London, April 25-26, 2017.<\/span><br \/>\n<span style=\"color: #000000;\">Murato\u011fullar\u0131, H. 2014 Militant Democracy Instruments in Turkish Constitutions,<\/span><br \/>\n<span style=\"color: #000000;\">Brunel University Conference, London, May 12, 2014.<\/span><br \/>\n<span style=\"color: #000000;\">Teaching Activities-in English<\/span><br \/>\n<span style=\"color: #000000;\">2019-2020 Spring (1) Term Paper and Presentation in Law<\/span><br \/>\n<span style=\"color: #000000;\">(2) Law and Practice II<\/span><br \/>\n<span style=\"color: #000000;\">2020-2021 Fall (1) Electoral Law<\/span><br \/>\n<span style=\"color: #000000;\">(2) Law and Practice I<\/span><br \/>\n<span style=\"color: #000000;\">2020-2021 Spring (1) Term Paper and Presentation in Law<\/span><br \/>\n<span style=\"color: #000000;\">(2) Law and Practice II<\/span><br \/>\n<span style=\"color: #000000;\">2021-2022 Fall (1) Electoral Law<\/span><br \/>\n<span style=\"color: #000000;\">(2) Law and Practice I<\/span><br \/>\n<span style=\"color: #000000;\">2021<\/span><br \/>\n<span style=\"color: #000000;\">-2022 Spring (1) Term Paper and Presentation in Law<\/span><br \/>\n<span style=\"color: #000000;\">(2) Law and Practice II<\/span><br \/>\n<span style=\"color: #000000;\">(3) Constitutional Law<\/span>[\/vc_column_text][vc_empty_space height=&#8221;15&#8243;][vc_empty_space height=&#8221;15&#8243;][\/vc_column][\/vc_row]<\/p>\n<\/div>","protected":false},"excerpt":{"rendered":"<p>[vc_row][vc_column width=&#8221;1\/2&#8243;][vc_single_image image=&#8221;1161&#8243; img_size=&#8221;full&#8221; alignment=&#8221;center&#8221;][vc_empty_space height=&#8221;15&#8243;][\/vc_column][vc_column width=&#8221;1\/2&#8243;][vc_column_text]Dr. \u00d6\u011fr. \u00dcyesi Harun MURATO\u011eULLARI E-mail harun.muratogullari@boun.edu.tr Orcid ID 0000-0002-5416-1921 Qualifications Degree Year Institution LLB 2010 Marmara University, School of Law LLM 2012 Queen Mary University of London, Public Law LLM 2013 Marmara University, Institute of Social Sciences, Private Law PhD 2019 Brunel University of London[\/vc_column_text][vc_empty_space height=&#8221;15&#8243;][\/vc_column][vc_column][vc_column_text]Research Areas &#8211; [&hellip;]<\/p>\n","protected":false},"author":1,"featured_media":0,"parent":0,"menu_order":0,"comment_status":"closed","ping_status":"closed","template":"","meta":{"footnotes":""},"class_list":["post-1238","page","type-page","status-publish","hentry"],"_links":{"self":[{"href":"https:\/\/dijitalmedeniusul.com\/en\/wp-json\/wp\/v2\/pages\/1238","targetHints":{"allow":["GET"]}}],"collection":[{"href":"https:\/\/dijitalmedeniusul.com\/en\/wp-json\/wp\/v2\/pages"}],"about":[{"href":"https:\/\/dijitalmedeniusul.com\/en\/wp-json\/wp\/v2\/types\/page"}],"author":[{"embeddable":true,"href":"https:\/\/dijitalmedeniusul.com\/en\/wp-json\/wp\/v2\/users\/1"}],"replies":[{"embeddable":true,"href":"https:\/\/dijitalmedeniusul.com\/en\/wp-json\/wp\/v2\/comments?post=1238"}],"version-history":[{"count":2,"href":"https:\/\/dijitalmedeniusul.com\/en\/wp-json\/wp\/v2\/pages\/1238\/revisions"}],"predecessor-version":[{"id":1261,"href":"https:\/\/dijitalmedeniusul.com\/en\/wp-json\/wp\/v2\/pages\/1238\/revisions\/1261"}],"wp:attachment":[{"href":"https:\/\/dijitalmedeniusul.com\/en\/wp-json\/wp\/v2\/media?parent=1238"}],"curies":[{"name":"wp","href":"https:\/\/api.w.org\/{rel}","templated":true}]}}