{"id":1285,"date":"2024-12-02T07:53:47","date_gmt":"2024-12-02T07:53:47","guid":{"rendered":"https:\/\/dijitalmedeniusul.com\/?page_id=1285"},"modified":"2024-12-02T07:55:00","modified_gmt":"2024-12-02T07:55:00","slug":"ars-gor-huseyin-zorlu","status":"publish","type":"page","link":"https:\/\/dijitalmedeniusul.com\/en\/ars-gor-huseyin-zorlu\/","title":{"rendered":"Ar\u015f. G\u00f6r. H\u00fcseyin ZORLU"},"content":{"rendered":"<div class=\"wpb-content-wrapper\"><p>[vc_row][vc_column width=&#8221;1\/3&#8243;][vc_single_image image=&#8221;1283&#8243; img_size=&#8221;full&#8221; alignment=&#8221;center&#8221;][vc_empty_space height=&#8221;20&#8243;][\/vc_column][vc_column width=&#8221;2\/3&#8243;][vc_column_text]<span style=\"color: #000000;\"><strong>Ar\u015f. G\u00f6r. H\u00fcseyin ZORLU<\/strong><\/span><\/p>\n<p><span style=\"color: #000000;\">Yozgat Bozok \u00dcniversitesi Hukuk Fak\u00fcltesi<\/span><\/p>\n<p><span style=\"color: #000000;\">Meden\u00ee Us\u00fbl ve \u0130cra \u0130fl\u00e2s Hukuku Anabilim Dal\u0131<\/span><\/p>\n<p><span style=\"color: #000000;\">Yozgat Bozok \u00dcniversitesi Erdo\u011fan Akda\u011f Yerle\u015fkesi Atat\u00fcrk Yolu 7. Km 66900 Merkez\/Yozgat<\/span><span style=\"color: #000000;\">huseyin.zorlu@yobu.edu.tr<\/span>[\/vc_column_text][vc_empty_space height=&#8221;20&#8243;][\/vc_column][vc_column][vc_column_text]<span style=\"color: #000000;\"><strong>E\u011fitim<\/strong><\/span><\/p>\n<ul>\n<li><span style=\"color: #000000;\">\u00d6zel Hukuk- Doktora Program\u0131<\/span><br \/>\n<span style=\"color: #000000;\">Ankara Y\u0131ld\u0131r\u0131m Beyaz\u0131t \u00dcniversitesi Sosyal Bilimler Enstit\u00fcs\u00fc, Ankara (2022\u2013Devam ediyor)<\/span><\/li>\n<li><span style=\"color: #000000;\">\u00d6zel Hukuk- Tezli Y\u00fcksek Lisans<\/span><br \/>\n<span style=\"color: #000000;\">Ankara Y\u0131ld\u0131r\u0131m Beyaz\u0131t \u00dcniversitesi Sosyal Bilimler Enstit\u00fcs\u00fc, Ankara (2018\u20132022)<\/span><\/li>\n<li><span style=\"color: #000000;\">Lisans- Hukuk<\/span><br \/>\n<span style=\"color: #000000;\">Ankara Y\u0131ld\u0131r\u0131m Beyaz\u0131t \u00dcniversitesi Hukuk Fak\u00fcltesi, Ankara (2013\u20132018)<\/span><\/li>\n<\/ul>\n<h3><\/h3>\n<h3><\/h3>\n<p><span style=\"color: #000000;\"><strong>Mesleki Deneyim<\/strong><\/span><\/p>\n<ul>\n<li><span style=\"color: #000000;\">Ara\u015ft\u0131rma G\u00f6revlisi<\/span><br \/>\n<span style=\"color: #000000;\">Yozgat Bozok \u00dcniversitesi Hukuk Fak\u00fcltesi Meden\u00ee Us\u00fbl ve \u0130cra \u0130fl\u00e2s Hukuku Anabilim Dal\u0131<\/span><br \/>\n<span style=\"color: #000000;\">(\u015eubat 2020 \u2013 Devam ediyor)<\/span><\/li>\n<\/ul>\n<p><span style=\"color: #000000;\">Ankara Y\u0131ld\u0131r\u0131m Beyaz\u0131t \u00dcniversitesi Hukuk Fak\u00fcltesi Meden\u00ee Us\u00fbl ve \u0130cra \u0130fl\u00e2s Hukuku Anabilim Dal\u0131 \u00a0(\u015eubat 2020-Haziran 2024)<\/span><\/p>\n<p><span style=\"color: #000000;\"><strong>Yay\u0131nlar &#8211; <\/strong><\/span><span style=\"color: #000000;\"><strong>Makaleler<\/strong><\/span><\/p>\n<p><span style=\"color: #000000;\">Erdo\u011fan, Vildan\/Zorlu, H\u00fcseyin, \u201c\u0130cra Hukukunda \u0130rad\u00ee Taraf De\u011fi\u015fikli\u011fi\u201d, Y\u0131ld\u0131r\u0131m Beyaz\u0131t Hukuk Dergisi, <em>Prof. Dr. M. Fatih U\u015fan\u2019a Dekanl\u0131kta 10. Y\u0131l An\u0131s\u0131na Te\u015fekk\u00fcr Arma\u011fan\u0131,<\/em> 2022\/2, 1119-1160.<\/span><\/p>\n<p><span style=\"color: #000000;\"><strong>Kitap B\u00f6l\u00fcm\u00fc<\/strong><\/span><\/p>\n<p><span style=\"color: #000000;\">Zorlu, H\u00fcseyin, \u0130nternet Ortam\u0131ndaki Dezenformasyonun H\u00e2kimlerin Ba\u011f\u0131ms\u0131zl\u0131\u011f\u0131 Bak\u0131m\u0131ndan \u0130ncelenmesi, <em>\u0130nternet Hukukunda Dezenformasyonla M\u00fccadele<\/em>, Edit\u00f6rler B\u00fclent Kent, Yasin S\u00f6yler, Merve Ay\u015feg\u00fcl Kulular \u0130brahim, On \u0130ki Levha Yay\u0131nc\u0131l\u0131k, \u0130stanbul, 2022, 341-360.<\/span><\/p>\n<p><span style=\"color: #000000;\"><strong>\u00d6d\u00fcller, Ba\u015far\u0131lar, Ulusal&amp; Uluslararas\u0131 Projeler<\/strong><\/span><\/p>\n<ul>\n<li><span style=\"color: #000000;\">Yarg\u0131da Dijitalle\u015fmenin Medeni Yarg\u0131lamaya Egemen Olan \u0130lkelere Etkisinin Ara\u015ft\u0131r\u0131lmas\u0131 (224K031), T\u00dcB\u0130TAK 1001 Projesi ( Bursiyer)<\/span><\/li>\n<li><span style=\"color: #000000;\">T\u00dcB\u0130TAK 2214\/A Yurt D\u0131\u015f\u0131 Doktora S\u0131ras\u0131 Ara\u015ft\u0131rma Bursu- Frei Universit\u00e4t Berlin (2025)<\/span><\/li>\n<li><span style=\"color: #000000;\">Y\u00fcksek Onur Derecesi (2014\u20132017) Ankara Y\u0131ld\u0131r\u0131m Beyaz\u0131t \u00dcniversitesi Hukuk Fak\u00fcltesi, Onur Derecesi (2018) Ankara Y\u0131ld\u0131r\u0131m Beyaz\u0131t \u00dcniversitesi Hukuk Fak\u00fcltesi<\/span><\/li>\n<li><span style=\"color: #000000;\">Kadir Has \u00dcniversitesi III. T\u00fcketici Hukuku Farazi Dava Yar\u0131\u015fmas\u0131 Birincilik \u00d6d\u00fcl\u00fc<\/span><br \/>\n<span style=\"color: #000000;\">Nisan 21\u201322, 2017.<\/span><\/li>\n<\/ul>\n<p>[\/vc_column_text][vc_empty_space][\/vc_column][\/vc_row]<\/p>\n<\/div>","protected":false},"excerpt":{"rendered":"<p>[vc_row][vc_column width=&#8221;1\/3&#8243;][vc_single_image image=&#8221;1283&#8243; img_size=&#8221;full&#8221; alignment=&#8221;center&#8221;][vc_empty_space height=&#8221;20&#8243;][\/vc_column][vc_column width=&#8221;2\/3&#8243;][vc_column_text]Ar\u015f. G\u00f6r. H\u00fcseyin ZORLU Yozgat Bozok \u00dcniversitesi Hukuk Fak\u00fcltesi Meden\u00ee Us\u00fbl ve \u0130cra \u0130fl\u00e2s Hukuku Anabilim Dal\u0131 Yozgat Bozok \u00dcniversitesi Erdo\u011fan Akda\u011f Yerle\u015fkesi Atat\u00fcrk Yolu 7. Km 66900 Merkez\/Yozgathuseyin.zorlu@yobu.edu.tr[\/vc_column_text][vc_empty_space height=&#8221;20&#8243;][\/vc_column][vc_column][vc_column_text]E\u011fitim \u00d6zel Hukuk- Doktora Program\u0131 Ankara Y\u0131ld\u0131r\u0131m Beyaz\u0131t \u00dcniversitesi Sosyal Bilimler Enstit\u00fcs\u00fc, Ankara (2022\u2013Devam ediyor) \u00d6zel Hukuk- Tezli Y\u00fcksek Lisans [&hellip;]<\/p>\n","protected":false},"author":1,"featured_media":0,"parent":0,"menu_order":0,"comment_status":"closed","ping_status":"closed","template":"","meta":{"footnotes":""},"class_list":["post-1285","page","type-page","status-publish","hentry"],"_links":{"self":[{"href":"https:\/\/dijitalmedeniusul.com\/en\/wp-json\/wp\/v2\/pages\/1285","targetHints":{"allow":["GET"]}}],"collection":[{"href":"https:\/\/dijitalmedeniusul.com\/en\/wp-json\/wp\/v2\/pages"}],"about":[{"href":"https:\/\/dijitalmedeniusul.com\/en\/wp-json\/wp\/v2\/types\/page"}],"author":[{"embeddable":true,"href":"https:\/\/dijitalmedeniusul.com\/en\/wp-json\/wp\/v2\/users\/1"}],"replies":[{"embeddable":true,"href":"https:\/\/dijitalmedeniusul.com\/en\/wp-json\/wp\/v2\/comments?post=1285"}],"version-history":[{"count":2,"href":"https:\/\/dijitalmedeniusul.com\/en\/wp-json\/wp\/v2\/pages\/1285\/revisions"}],"predecessor-version":[{"id":1287,"href":"https:\/\/dijitalmedeniusul.com\/en\/wp-json\/wp\/v2\/pages\/1285\/revisions\/1287"}],"wp:attachment":[{"href":"https:\/\/dijitalmedeniusul.com\/en\/wp-json\/wp\/v2\/media?parent=1285"}],"curies":[{"name":"wp","href":"https:\/\/api.w.org\/{rel}","templated":true}]}}