{"id":1394,"date":"2026-01-08T07:34:26","date_gmt":"2026-01-08T07:34:26","guid":{"rendered":"https:\/\/dijitalmedeniusul.com\/?page_id=1394"},"modified":"2026-01-08T08:00:45","modified_gmt":"2026-01-08T08:00:45","slug":"bibliyografya","status":"publish","type":"page","link":"https:\/\/dijitalmedeniusul.com\/en\/bibliyografya\/","title":{"rendered":"Bibliyografya"},"content":{"rendered":"<p><span style=\"color: #000000;\">Dijital Meden\u00ee Usul ve \u0130cra-\u0130fl\u00e2s Hukuku Ulusal Bibliyografyas\u0131<\/span><\/p>\n<p><span style=\"color: #000000;\"><a href=\"https:\/\/dijitalmedeniusul.com\/wp-content\/uploads\/2026\/01\/Dijital-Medeni-Usul-ve-Icra-Iflas-Hukuku-Ulusal-Bibliyografyasi.pdf\" class=\"pdfemb-viewer\" style=\"\" data-width=\"max\" data-height=\"max\" data-toolbar=\"bottom\" data-toolbar-fixed=\"off\">Dijital Medeni\u0302 Usul ve I\u0307cra-I\u0307fla\u0302s Hukuku Ulusal Bibliyografyas\u0131<\/a><\/span><\/p>\n<p><span style=\"color: #000000;\">Ulusal Bibliyografya \u0130ndir<\/span><\/p>\n<p><span style=\"color: #000000;\"><a style=\"color: #000000;\" href=\"https:\/\/dijitalmedeniusul.com\/wp-content\/uploads\/2026\/01\/Dijital-Medeni-Usul-ve-Icra-Iflas-Hukuku-Ulusal-Bibliyografyasi.pdf\">https:\/\/dijitalmedeniusul.com\/wp-content\/uploads\/2026\/01\/Dijital-Medeni-Usul-ve-Icra-Iflas-Hukuku-Ulusal-Bibliyografyasi.pdf<\/a><\/span><\/p>\n<p><span style=\"color: #000000;\">Dijital Meden\u00ee Usul ve \u0130cra-\u0130fl\u00e2s Hukuku Uluslararas\u0131 Bibliyografyas\u0131<\/span><\/p>\n<p><span style=\"color: #000000;\"><a href=\"https:\/\/dijitalmedeniusul.com\/wp-content\/uploads\/2026\/01\/Dijital-Medeni-Usul-Uluslararasi-Bibliyografyasi.pdf\" class=\"pdfemb-viewer\" style=\"\" data-width=\"max\" data-height=\"max\" data-toolbar=\"bottom\" data-toolbar-fixed=\"off\">Dijital Medeni\u0302 Usul Uluslararas\u0131 Bibliyografyas\u0131<\/a><\/span><\/p>\n<p><span style=\"color: #000000;\">Uluslararas\u0131 Bibliyografya \u0130ndir<\/span><\/p>\n<p><span style=\"color: #000000;\"><a style=\"color: #000000;\" href=\"https:\/\/dijitalmedeniusul.com\/wp-content\/uploads\/2026\/01\/Dijital-Medeni-Usul-Uluslararasi-Bibliyografyasi.pdf\">https:\/\/dijitalmedeniusul.com\/wp-content\/uploads\/2026\/01\/Dijital-Medeni-Usul-Uluslararasi-Bibliyografyasi.pdf<\/a><\/span><\/p>\n","protected":false},"excerpt":{"rendered":"<p>Dijital Meden\u00ee Usul ve \u0130cra-\u0130fl\u00e2s Hukuku Ulusal Bibliyografyas\u0131 Ulusal Bibliyografya \u0130ndir https:\/\/dijitalmedeniusul.com\/wp-content\/uploads\/2026\/01\/Dijital-Medeni-Usul-ve-Icra-Iflas-Hukuku-Ulusal-Bibliyografyasi.pdf Dijital Meden\u00ee Usul ve \u0130cra-\u0130fl\u00e2s Hukuku Uluslararas\u0131 Bibliyografyas\u0131 Uluslararas\u0131 Bibliyografya \u0130ndir https:\/\/dijitalmedeniusul.com\/wp-content\/uploads\/2026\/01\/Dijital-Medeni-Usul-Uluslararasi-Bibliyografyasi.pdf<\/p>\n","protected":false},"author":1,"featured_media":0,"parent":0,"menu_order":0,"comment_status":"closed","ping_status":"closed","template":"","meta":{"footnotes":""},"class_list":["post-1394","page","type-page","status-publish","hentry"],"_links":{"self":[{"href":"https:\/\/dijitalmedeniusul.com\/en\/wp-json\/wp\/v2\/pages\/1394","targetHints":{"allow":["GET"]}}],"collection":[{"href":"https:\/\/dijitalmedeniusul.com\/en\/wp-json\/wp\/v2\/pages"}],"about":[{"href":"https:\/\/dijitalmedeniusul.com\/en\/wp-json\/wp\/v2\/types\/page"}],"author":[{"embeddable":true,"href":"https:\/\/dijitalmedeniusul.com\/en\/wp-json\/wp\/v2\/users\/1"}],"replies":[{"embeddable":true,"href":"https:\/\/dijitalmedeniusul.com\/en\/wp-json\/wp\/v2\/comments?post=1394"}],"version-history":[{"count":10,"href":"https:\/\/dijitalmedeniusul.com\/en\/wp-json\/wp\/v2\/pages\/1394\/revisions"}],"predecessor-version":[{"id":1407,"href":"https:\/\/dijitalmedeniusul.com\/en\/wp-json\/wp\/v2\/pages\/1394\/revisions\/1407"}],"wp:attachment":[{"href":"https:\/\/dijitalmedeniusul.com\/en\/wp-json\/wp\/v2\/media?parent=1394"}],"curies":[{"name":"wp","href":"https:\/\/api.w.org\/{rel}","templated":true}]}}